{"id":5909,"date":"2025-09-26T12:16:41","date_gmt":"2025-09-26T12:16:41","guid":{"rendered":"https:\/\/gpi-schwarte.com\/about-gpi-group\/"},"modified":"2025-10-08T12:09:45","modified_gmt":"2025-10-08T12:09:45","slug":"uber-gpi-group","status":"publish","type":"page","link":"https:\/\/gpi-schwarte.com\/de\/uber-gpi-group\/","title":{"rendered":"\u00dcber die Gpi Group"},"content":{"rendered":"\t\t<div data-elementor-type=\"wp-page\" data-elementor-id=\"5909\" class=\"elementor elementor-5909 elementor-5711\" data-elementor-post-type=\"page\">\n\t\t\t\t<div class=\"elementor-element elementor-element-165afad e-con-full e-flex e-con e-parent\" data-id=\"165afad\" data-element_type=\"container\">\n\t\t\t\t<div class=\"elementor-element elementor-element-24e0821 elementor-widget elementor-widget-brandbox\" data-id=\"24e0821\" data-element_type=\"widget\" data-widget_type=\"brandbox.default\">\n\t\t\t\t<div class=\"elementor-widget-container\">\n\t\t\t\t\t<div class=\"brandbox\">\n\t<div class=\"brandbox-content\">\n\t\t\t\t\n\t\t\t\t\t<h1 class=\"brandbox-title\">\u00dcber die Gpi Group<\/h1>\n\t\t\n\t\t\t\t\t<span class=\"brandbox-subtitle\">Weltklasse-Anbieter f\u00fcr Weltklasse-Kunden<\/span>\n\t\t\t<\/div>\n\n\t<div class=\"brandbox-media\">\n\t\t\t\t\t<img fetchpriority=\"high\" decoding=\"async\" width=\"1024\" height=\"768\" src=\"https:\/\/gpi-schwarte.com\/wp-content\/uploads\/2025\/09\/20181219-Gpi-Lopik-27375.jpg\" class=\"attachment-full size-full\" alt=\"\" srcset=\"https:\/\/gpi-schwarte.com\/wp-content\/uploads\/2025\/09\/20181219-Gpi-Lopik-27375.jpg 1024w, https:\/\/gpi-schwarte.com\/wp-content\/uploads\/2025\/09\/20181219-Gpi-Lopik-27375-300x225.jpg 300w, https:\/\/gpi-schwarte.com\/wp-content\/uploads\/2025\/09\/20181219-Gpi-Lopik-27375-768x576.jpg 768w\" sizes=\"(max-width: 1024px) 100vw, 1024px\" \/>\t\t\t<\/div> \n<\/div>\n\n\t\t\t\t<\/div>\n\t\t\t\t<\/div>\n\t\t\t\t<\/div>\n\t\t<div class=\"elementor-element elementor-element-5b17ad7 e-flex e-con-boxed e-con e-parent\" data-id=\"5b17ad7\" data-element_type=\"container\">\n\t\t\t\t\t<div class=\"e-con-inner\">\n\t\t<div class=\"elementor-element elementor-element-1464899 e-con-full e-flex e-con e-child\" data-id=\"1464899\" data-element_type=\"container\">\n\t\t\t\t<div class=\"elementor-element elementor-element-3819dde elementor-widget elementor-widget-text-editor\" data-id=\"3819dde\" data-element_type=\"widget\" data-widget_type=\"text-editor.default\">\n\t\t\t\t\t\t\t\t\t<p>Gpi Schwarte ist Teil der Gpi Group. Innerhalb der Gpi Group b\u00fcndeln wir die St\u00e4rken mehrerer spezialisierter Unternehmen. Jedes bringt sein eigenes Fachwissen ein, doch alle sind durch gemeinsame Kernwerte verbunden: Expertise, Engagement, Innovation und Verantwortungsbewusstsein. Diese Werte bilden die Grundlage dessen, wer wir sind, und stellen sicher, dass wir als eine starke Organisation agieren \u2013 zuverl\u00e4ssig, entscheidungsfreudig und fokussiert auf das, was wirklich z\u00e4hlt.<\/p><p>Mit den verschiedenen Tochtergesellschaften\u00a0\u2013 <a href=\"https:\/\/gpi-tanks.com\/\" target=\"_blank\" rel=\"noopener\">Gpi Tanks<\/a>, <a href=\"https:\/\/gpi-tanksxl.com\/\" target=\"_blank\" rel=\"noopener\">Gpi Tanks XL<\/a>, <a href=\"https:\/\/gpi-degouwe.com\" target=\"_blank\" rel=\"noopener\">Gpi De Gouwe Process Equipment<\/a>, <a href=\"https:\/\/gpi-pharmaceutical.com\" target=\"_blank\" rel=\"noopener\">Gpi Pharma<\/a>, <a href=\"https:\/\/gpi-tanks.com\/pl\" target=\"_blank\" rel=\"noopener\">Gpi Tanks Poland<\/a>, <a href=\"https:\/\/gpi-tanks.com\/de\" target=\"_blank\" rel=\"noopener\">Gpi Tanks GmbH<\/a>, Gpi India und unserem eigenen Beizwerk <a href=\"https:\/\/bmn-bv.nl\/\" target=\"_blank\" rel=\"noopener\">BMN<\/a> \u2013 bieten wir Fachkompetenz in jedem Bereich.<\/p><p>Mit \u00fcber 350 Mitarbeitenden sind wir mit B\u00fcros in den Niederlanden, Polen, Deutschland und Indien sowie mit mehreren Produktionsstandorten in den Niederlanden und Polen t\u00e4tig.<\/p><h2><strong>Weltklasse-Anbieter f\u00fcr Weltklasse-Kunden<\/strong><\/h2><p>Unsere Mission? Gpi ist ein Weltklasse-Anbieter f\u00fcr Weltklasse-Kunden. Wir erkennen und verstehen die Herausforderungen, denen Sie als f\u00fchrendes Unternehmen der Branche gegen\u00fcberstehen. Unsere technischen Experten \u2013 von Vertrieb und Engineering bis hin zur Umsetzung \u2013 engagieren sich jeden Tag daf\u00fcr, Ihre Prozesse effizienter, nachhaltiger und zukunftssicher zu gestalten, damit Sie Ihre Ziele erreichen k\u00f6nnen. Als kundenorientierte Organisation setzen wir auf enge Zusammenarbeit, durchdachte L\u00f6sungen und langfristige Partnerschaften. Gemeinsam bauen wir Ihren Erfolg.<\/p>\t\t\t\t\t\t\t\t<\/div>\n\t\t\t\t<div class=\"elementor-element elementor-element-0ea83ce elementor-widget elementor-widget-text-editor\" data-id=\"0ea83ce\" data-element_type=\"widget\" data-widget_type=\"text-editor.default\">\n\t\t\t\t\t\t\t\t\t<h2 class=\"elementor-heading-title elementor-size-default\">Fred Boere &amp; Arno Rodenburg<\/h2>\t\t\t\t\t\t\t\t<\/div>\n\t\t\t\t<div class=\"elementor-element elementor-element-0220713 elementor-widget elementor-widget-image\" data-id=\"0220713\" data-element_type=\"widget\" data-widget_type=\"image.default\">\n\t\t\t\t\t\t\t\t\t\t\t\t\t\t\t<img decoding=\"async\" width=\"800\" height=\"450\" src=\"https:\/\/gpi-schwarte.com\/wp-content\/uploads\/2025\/09\/MG_8364-e1649845021642.jpg\" class=\"attachment-large size-large wp-image-5905\" alt=\"\" srcset=\"https:\/\/gpi-schwarte.com\/wp-content\/uploads\/2025\/09\/MG_8364-e1649845021642.jpg 1000w, https:\/\/gpi-schwarte.com\/wp-content\/uploads\/2025\/09\/MG_8364-e1649845021642-300x169.jpg 300w, https:\/\/gpi-schwarte.com\/wp-content\/uploads\/2025\/09\/MG_8364-e1649845021642-768x432.jpg 768w\" sizes=\"(max-width: 800px) 100vw, 800px\" \/>\t\t\t\t\t\t\t\t\t\t\t\t\t\t\t<\/div>\n\t\t\t\t<div class=\"elementor-element elementor-element-2a42b66 elementor-widget elementor-widget-text-editor\" data-id=\"2a42b66\" data-element_type=\"widget\" data-widget_type=\"text-editor.default\">\n\t\t\t\t\t\t\t\t\t<p data-start=\"0\" data-end=\"129\">Bis 2024 f\u00fchrten Fred und Arno die Gpi Group als Gesch\u00e4ftsf\u00fchrer. Heute sind sie weiterhin nicht-exekutive Vorstandsmitglieder.<\/p><p data-start=\"131\" data-end=\"619\">Fred Boere begann vor 25 Jahren als kooperierender Vorarbeiter bei Gpi. Damals war er der sechste Mitarbeiter und schwei\u00dfte, baute und \u00fcberwachte T\u00e4tigkeiten in der Produktion. Au\u00dferdem verbrachte er ein bis zwei halbe Tage im B\u00fcro, um Projekte zu organisieren sowie zu planen und zu zeichnen. Im Laufe der Zeit \u00e4nderte sich dies, und er wurde zun\u00e4chst Manager, dann technischer Direktor und schlie\u00dflich General Manager. Seit 2009 ist Fred Boere als CEO Mitinhaber und Aktion\u00e4r bei Gpi.<\/p><p data-start=\"621\" data-end=\"909\" data-is-last-node=\"\" data-is-only-node=\"\">Arno Rodenburg ist seit 2012 Mitinhaber und Aktion\u00e4r bei Gpi. Er arbeitet seit \u00fcber zwanzig Jahren bei Gpi und entwickelte sich vom Schwei\u00dfer zum Vorarbeiter\/Werkstattleiter, Produktionsleiter und operativen technischen Direktor. 2012 wurde Arno Rodenburg als COO Mitinhaber und Aktion\u00e4r.<\/p>\t\t\t\t\t\t\t\t<\/div>\n\t\t\t\t<\/div>\n\t\t\t\t\t<\/div>\n\t\t\t\t<\/div>\n\t\t<div class=\"elementor-element elementor-element-c4f1219 e-flex e-con-boxed e-con e-parent\" data-id=\"c4f1219\" data-element_type=\"container\">\n\t\t\t\t\t<div class=\"e-con-inner\">\n\t\t\t\t<div class=\"elementor-element elementor-element-d1b25ec elementor-widget elementor-widget-text-editor\" data-id=\"d1b25ec\" data-element_type=\"widget\" data-widget_type=\"text-editor.default\">\n\t\t\t\t\t\t\t\t\t<h2>Unsere Tochtergesellschaften auf einen Blick<\/h2>\t\t\t\t\t\t\t\t<\/div>\n\t\t<div class=\"elementor-element elementor-element-9ef74da e-con-full e-flex e-con e-child\" data-id=\"9ef74da\" data-element_type=\"container\" data-settings=\"{&quot;background_background&quot;:&quot;classic&quot;}\">\n\t\t\t\t<div class=\"elementor-element elementor-element-22680a5 elementor--h-position-center elementor--v-position-middle elementor-arrows-position-inside elementor-widget elementor-widget-slides\" data-id=\"22680a5\" data-element_type=\"widget\" data-settings=\"{&quot;navigation&quot;:&quot;arrows&quot;,&quot;autoplay&quot;:&quot;yes&quot;,&quot;pause_on_hover&quot;:&quot;yes&quot;,&quot;pause_on_interaction&quot;:&quot;yes&quot;,&quot;autoplay_speed&quot;:5000,&quot;infinite&quot;:&quot;yes&quot;,&quot;transition&quot;:&quot;slide&quot;,&quot;transition_speed&quot;:500}\" data-widget_type=\"slides.default\">\n\t\t\t\t\t\t\t\t\t\t<div class=\"elementor-slides-wrapper elementor-main-swiper swiper\" role=\"region\" aria-roledescription=\"carousel\" aria-label=\"Slides\" dir=\"ltr\" data-animation=\"fadeInRight\">\n\t\t\t\t<div class=\"swiper-wrapper elementor-slides\">\n\t\t\t\t\t\t\t\t\t\t<div class=\"elementor-repeater-item-507fe15 swiper-slide\" role=\"group\" aria-roledescription=\"slide\"><div class=\"swiper-slide-bg\"><\/div><div class=\"swiper-slide-inner\" ><div class=\"swiper-slide-contents\"><div class=\"elementor-slide-heading\">Gpi Tanks<\/div><div class=\"elementor-slide-description\">Gpi Tanks ist auf die Planung, Herstellung und Installation von Edelstahl-Prozess- und Lagertanks bis zu etwa 1.000 m\u00b3 spezialisiert. Die Tanks werden vollst\u00e4ndig kundenspezifisch im Werk entworfen und produziert und anschlie\u00dfend per Stra\u00dfen- oder Wassertransport in die Niederlande und ins Ausland geliefert. Der Hauptsitz von Gpi Tanks befindet sich in Lopik, kombiniert mit mehreren Produktionshallen. In Groot-Ammers gibt es ein Werk, in dem die Tanks direkt f\u00fcr den Wassertransport verladen werden k\u00f6nnen.<\/div><a href=\"https:\/\/gpi-tanks.com\/\" class=\"elementor-button elementor-slide-button elementor-size-sm\" target=\"_blank\" rel=\"noopener\">Zur Website<\/a><\/div><\/div><\/div><div class=\"elementor-repeater-item-1bb3fed swiper-slide\" role=\"group\" aria-roledescription=\"slide\"><div class=\"swiper-slide-bg\"><\/div><div class=\"swiper-slide-inner\" ><div class=\"swiper-slide-contents\"><div class=\"elementor-slide-heading\">Gpi Tanks Poland, Gpi Tanks GmbH, Gpi Tanks India<\/div><div class=\"elementor-slide-description\">Gpi Tanks verf\u00fcgt au\u00dferdem \u00fcber B\u00fcros in Deutschland und Indien. Gpi Tanks Poland ist ein eigenst\u00e4ndig operierendes Unternehmen und bietet Engineering sowie Tankbau von Skarbimierz und Brzeg in Polen an, wobei die Tanks im Werk produziert und per Stra\u00dfenverkehr transportiert werden.<\/div><a href=\"https:\/\/gpi-tanks.com\/\" class=\"elementor-button elementor-slide-button elementor-size-sm\" target=\"_blank\" rel=\"noopener\">Zur Website<\/a><\/div><\/div><\/div><div class=\"elementor-repeater-item-c0bd191 swiper-slide\" role=\"group\" aria-roledescription=\"slide\"><div class=\"swiper-slide-bg\"><\/div><div class=\"swiper-slide-inner\" ><div class=\"swiper-slide-contents\"><div class=\"elementor-slide-heading\">Gpi Tanks XL<\/div><div class=\"elementor-slide-description\">Gpi Tanks XL ist auf die kundenspezifische Planung und Herstellung von extra gro\u00dfen Edelstahltanks bis zu 10.000 m\u00b3 spezialisiert. Die Tanks werden nicht im Werk, sondern direkt vor Ort produziert. Mit innovativen und effizienten Konstruktionsmethoden k\u00f6nnen mehrere Tanks gleichzeitig gebaut werden. Das B\u00fcro von Gpi Tanks XL befindet sich in IJsselstein, und die Produktion \u201evor Ort\u201c erfolgt sowohl im In- als auch im Ausland.<\/div><a href=\"https:\/\/gpi-tanksxl.com\/\" class=\"elementor-button elementor-slide-button elementor-size-sm\" target=\"_blank\" rel=\"noopener\">Zur Website<\/a><\/div><\/div><\/div><div class=\"elementor-repeater-item-b3a302d swiper-slide\" role=\"group\" aria-roledescription=\"slide\"><div class=\"swiper-slide-bg\"><\/div><a class=\"swiper-slide-inner\" href=\"https:\/\/gpi-degouwe.com\/\" target=\"_blank\" rel=\"noopener\"><div class=\"swiper-slide-contents\"><div class=\"elementor-slide-heading\">Gpi De Gouwe Process Equipment<\/div><div class=\"elementor-slide-description\">Gpi De Gouwe ist auf die Planung und Herstellung von kundenspezifischen Edelstahl-Prozessequipment und -Anlagen f\u00fcr Unternehmen der Lebensmittel- und Kosmetikindustrie weltweit spezialisiert. Das B\u00fcro von Gpi De Gouwe befindet sich in Gouda, kombiniert mit einer Produktionshalle. Gpi De Gouwe entstand 2019 aus der Fusion von Altermij - De Gouwe und Gpi Process Equipment.<\/div><div  class=\"elementor-button elementor-slide-button elementor-size-sm\">Zur Website<\/div><\/div><\/a><\/div><div class=\"elementor-repeater-item-a881386 swiper-slide\" role=\"group\" aria-roledescription=\"slide\"><div class=\"swiper-slide-bg\"><\/div><a class=\"swiper-slide-inner\" href=\"https:\/\/gpi-pharmaceutical.com\/\" target=\"_blank\" rel=\"noopener\"><div class=\"swiper-slide-contents\"><div class=\"elementor-slide-heading\">Gpi Pharma<\/div><div class=\"elementor-slide-description\">Gpi Pharma ist auf die Planung und Herstellung von kundenspezifischen Edelstahl-Prozesstanks und Lagertanks f\u00fcr die Pharmaindustrie im In- und Ausland spezialisiert. Gpi Pharma ist am Hauptsitz von Gpi Tanks in Lopik ans\u00e4ssig. Die Produktion erfolgt in der angrenzenden Produktionshalle.<\/div><div  class=\"elementor-button elementor-slide-button elementor-size-sm\">Zur Website<\/div><\/div><\/a><\/div><div class=\"elementor-repeater-item-509e189 swiper-slide\" role=\"group\" aria-roledescription=\"slide\"><div class=\"swiper-slide-bg\"><\/div><div class=\"swiper-slide-inner\" ><div class=\"swiper-slide-contents\"><div class=\"elementor-slide-heading\">BMN<\/div><div class=\"elementor-slide-description\">BMN ist auf chemisches Beizen und Passivieren von Edelstahlprodukten sowie auf Schleifen und Polieren von Edelstahl und Aluminium spezialisiert. BMN arbeitet mit einer modernen und effizienten Beiz- und Schleifhalle in Lopik.<\/div><a href=\"https:\/\/bmn-bv.nl\/\" class=\"elementor-button elementor-slide-button elementor-size-sm\" target=\"_blank\" rel=\"noopener\">Zur Website<\/a><\/div><\/div><\/div>\t\t\t\t<\/div>\n\t\t\t\t\t\t\t\t\t\t\t\t\t\t\t<div class=\"elementor-swiper-button elementor-swiper-button-prev\" role=\"button\" tabindex=\"0\" aria-label=\"Vorheriger Slide\">\n\t\t\t\t\t\t\t<svg aria-hidden=\"true\" class=\"e-font-icon-svg e-eicon-chevron-left\" viewBox=\"0 0 1000 1000\" xmlns=\"http:\/\/www.w3.org\/2000\/svg\"><path d=\"M646 125C629 125 613 133 604 142L308 442C296 454 292 471 292 487 292 504 296 521 308 533L604 854C617 867 629 875 646 875 663 875 679 871 692 858 704 846 713 829 713 812 713 796 708 779 692 767L438 487 692 225C700 217 708 204 708 187 708 171 704 154 692 142 675 129 663 125 646 125Z\"><\/path><\/svg>\t\t\t\t\t\t<\/div>\n\t\t\t\t\t\t<div class=\"elementor-swiper-button elementor-swiper-button-next\" role=\"button\" tabindex=\"0\" aria-label=\"N\u00e4chster Slide\">\n\t\t\t\t\t\t\t<svg aria-hidden=\"true\" class=\"e-font-icon-svg e-eicon-chevron-right\" viewBox=\"0 0 1000 1000\" xmlns=\"http:\/\/www.w3.org\/2000\/svg\"><path d=\"M696 533C708 521 713 504 713 487 713 471 708 454 696 446L400 146C388 133 375 125 354 125 338 125 325 129 313 142 300 154 292 171 292 187 292 204 296 221 308 233L563 492 304 771C292 783 288 800 288 817 288 833 296 850 308 863 321 871 338 875 354 875 371 875 388 867 400 854L696 533Z\"><\/path><\/svg>\t\t\t\t\t\t<\/div>\n\t\t\t\t\t\t\t\t\t\t\t\t\t\t\t\t\t<\/div>\n\t\t\t\t\t\t\t\t<\/div>\n\t\t\t\t<\/div>\n\t\t\t\t\t<\/div>\n\t\t\t\t<\/div>\n\t\t<div class=\"elementor-element elementor-element-d3add88 e-flex e-con-boxed e-con e-parent\" data-id=\"d3add88\" data-element_type=\"container\" data-settings=\"{&quot;background_background&quot;:&quot;classic&quot;}\">\n\t\t\t\t\t<div class=\"e-con-inner\">\n\t\t<div class=\"elementor-element elementor-element-ad7c089 e-con-full e-flex e-con e-child\" data-id=\"ad7c089\" data-element_type=\"container\">\n\t\t\t\t<div class=\"elementor-element elementor-element-e7c5053 elementor-widget elementor-widget-heading\" data-id=\"e7c5053\" data-element_type=\"widget\" data-widget_type=\"heading.default\">\n\t\t\t\t\t<h2 class=\"elementor-heading-title elementor-size-default\"><a href=\"https:\/\/gpi-schwarte.com\/uber-gpi-group\/\">Mehr \u00fcber uns<\/a><\/h2>\t\t\t\t<\/div>\n\t\t<div class=\"elementor-element elementor-element-39a1011 e-grid e-con-full e-con e-child\" data-id=\"39a1011\" data-element_type=\"container\">\n\t\t<div class=\"elementor-element elementor-element-f36b886 e-con-full e-flex e-con e-child\" data-id=\"f36b886\" data-element_type=\"container\">\n\t\t\t\t<div class=\"elementor-element elementor-element-929d734 elementor-widget elementor-widget-image\" data-id=\"929d734\" data-element_type=\"widget\" data-widget_type=\"image.default\">\n\t\t\t\t\t\t\t\t\t\t\t\t\t\t\t<img decoding=\"async\" width=\"800\" height=\"534\" src=\"https:\/\/gpi-schwarte.com\/wp-content\/uploads\/2025\/09\/GPI-75-scaled-1-1024x683.jpg\" class=\"attachment-large size-large wp-image-5906\" alt=\"\" srcset=\"https:\/\/gpi-schwarte.com\/wp-content\/uploads\/2025\/09\/GPI-75-scaled-1-1024x683.jpg 1024w, https:\/\/gpi-schwarte.com\/wp-content\/uploads\/2025\/09\/GPI-75-scaled-1-300x200.jpg 300w, https:\/\/gpi-schwarte.com\/wp-content\/uploads\/2025\/09\/GPI-75-scaled-1-768x512.jpg 768w, https:\/\/gpi-schwarte.com\/wp-content\/uploads\/2025\/09\/GPI-75-scaled-1-1536x1025.jpg 1536w, https:\/\/gpi-schwarte.com\/wp-content\/uploads\/2025\/09\/GPI-75-scaled-1-2048x1366.jpg 2048w\" sizes=\"(max-width: 800px) 100vw, 800px\" \/>\t\t\t\t\t\t\t\t\t\t\t\t\t\t\t<\/div>\n\t\t<div class=\"elementor-element elementor-element-77aec3b e-con-full e-flex e-con e-child\" data-id=\"77aec3b\" data-element_type=\"container\" data-settings=\"{&quot;background_background&quot;:&quot;classic&quot;}\">\n\t\t\t\t<div class=\"elementor-element elementor-element-474ab2d elementor-widget elementor-widget-heading\" data-id=\"474ab2d\" data-element_type=\"widget\" data-widget_type=\"heading.default\">\n\t\t\t\t\t<h3 class=\"elementor-heading-title elementor-size-default\">\u00dcber Gpi Schwarte<\/h3>\t\t\t\t<\/div>\n\t\t\t\t<div class=\"elementor-element elementor-element-48e95c0 elementor-widget elementor-widget-text-editor\" data-id=\"48e95c0\" data-element_type=\"widget\" data-widget_type=\"text-editor.default\">\n\t\t\t\t\t\t\t\t\t<p>Gpi Schwarte entwirft und baut Edelstahl-Prozess- und Lagertanks f\u00fcr die Milch-, Lebensmittel- und Pharmaindustrie. Mit jahrzehntelanger Erfahrung in der DACH-Region und dar\u00fcber hinaus ist es unsere Mission, sichere, hygienische und effiziente L\u00f6sungen zu liefern, die Ihre Prozesse nahtlos unterst\u00fctzen.<\/p>\t\t\t\t\t\t\t\t<\/div>\n\t\t\t\t<div class=\"elementor-element elementor-element-6f32d12 elementor-widget elementor-widget-gpi-button\" data-id=\"6f32d12\" data-element_type=\"widget\" data-widget_type=\"gpi-button.default\">\n\t\t\t\t<div class=\"elementor-widget-container\">\n\t\t\t\t\t\n\t\t<div class=\"gpi-button \">\n\t\t\t<a rel=\"nofollow\" href=\"https:\/\/gpi-schwarte.com\/de\/uber-uns\/\" id=\"\">\n\t\t\t\t\t\t\t\t\t<span>Weiterlesen<\/span>\n\t\t\t\t\n\t\t\t\t<!-- Icon -->\n\t\t\t\t<div class=\"gpi-button-icon right\">\n\t\t\t\t\t<svg width=\"17\" height=\"16\" viewBox=\"0 0 17 16\" fill=\"none\" xmlns=\"http:\/\/www.w3.org\/2000\/svg\" class=\"inner-arrow\">\n\t\t\t\t\t\t<path d=\"M8.60352 0L7.19352 1.41L12.7735 7H0.603516V9H12.7735L7.19352 14.59L8.60352 16L16.6035 8L8.60352 0Z\" fill=\"#00A799\"\/>\n\t\t\t\t\t<\/svg>\n\n\t\t\t\t\t<svg width=\"52\" height=\"52\" class=\"outer-circle\">\n\t\t\t\t\t\t<circle cx=\"26\" cy=\"26\" r=\"24\" stroke=\"#e1e1e1\" stroke-width=\"1\" fill-opacity=\"0\"><\/circle>\n\t\t\t\t\t\t<circle class=\"circle\" cx=\"26\" cy=\"26\" r=\"24\" stroke=\"#00a799\" fill=\"#fff\" stroke-width=\"3\"><\/circle>\n\t\t\t\t\t<\/svg>\n\t\t\t\t<\/div>\n\t\t\t<\/a>\n\t\t<\/div>\n\n\t\t\t\t\t\t<\/div>\n\t\t\t\t<\/div>\n\t\t\t\t<\/div>\n\t\t\t\t<\/div>\n\t\t<div class=\"elementor-element elementor-element-c42f16a e-con-full e-flex e-con e-child\" data-id=\"c42f16a\" data-element_type=\"container\">\n\t\t\t\t<div class=\"elementor-element elementor-element-af7fa1a elementor-widget elementor-widget-image\" data-id=\"af7fa1a\" data-element_type=\"widget\" data-widget_type=\"image.default\">\n\t\t\t\t\t\t\t\t\t\t\t\t\t\t\t<img loading=\"lazy\" decoding=\"async\" width=\"800\" height=\"534\" src=\"https:\/\/gpi-schwarte.com\/wp-content\/uploads\/2025\/09\/GPI-80-scaled-1-1024x683.jpg\" class=\"attachment-large size-large wp-image-5907\" alt=\"\" srcset=\"https:\/\/gpi-schwarte.com\/wp-content\/uploads\/2025\/09\/GPI-80-scaled-1-1024x683.jpg 1024w, https:\/\/gpi-schwarte.com\/wp-content\/uploads\/2025\/09\/GPI-80-scaled-1-300x200.jpg 300w, https:\/\/gpi-schwarte.com\/wp-content\/uploads\/2025\/09\/GPI-80-scaled-1-768x512.jpg 768w, https:\/\/gpi-schwarte.com\/wp-content\/uploads\/2025\/09\/GPI-80-scaled-1-1536x1025.jpg 1536w, https:\/\/gpi-schwarte.com\/wp-content\/uploads\/2025\/09\/GPI-80-scaled-1-2048x1366.jpg 2048w\" sizes=\"(max-width: 800px) 100vw, 800px\" \/>\t\t\t\t\t\t\t\t\t\t\t\t\t\t\t<\/div>\n\t\t<div class=\"elementor-element elementor-element-a158599 e-con-full e-flex e-con e-child\" data-id=\"a158599\" data-element_type=\"container\" data-settings=\"{&quot;background_background&quot;:&quot;classic&quot;}\">\n\t\t\t\t<div class=\"elementor-element elementor-element-3d78966 elementor-widget elementor-widget-heading\" data-id=\"3d78966\" data-element_type=\"widget\" data-widget_type=\"heading.default\">\n\t\t\t\t\t<h3 class=\"elementor-heading-title elementor-size-default\">Safety<\/h3>\t\t\t\t<\/div>\n\t\t\t\t<div class=\"elementor-element elementor-element-8036da3 elementor-widget elementor-widget-text-editor\" data-id=\"8036da3\" data-element_type=\"widget\" data-widget_type=\"text-editor.default\">\n\t\t\t\t\t\t\t\t\t<p>Jeder Tank, den wir entwerfen, bauen und installieren, unterliegt strengen Sicherheitsstandards und vorbeugenden Ma\u00dfnahmen. In unseren eigenen Produktionsst\u00e4tten und auf jedem Kundenstandort sch\u00fctzen wir unsere Mitarbeitenden, Partner und Produkte durch zertifizierte Prozesse, klare Verfahren und eine ausgepr\u00e4gte Sicherheitskultur.<\/p>\t\t\t\t\t\t\t\t<\/div>\n\t\t\t\t<div class=\"elementor-element elementor-element-19ae8d4 elementor-widget elementor-widget-gpi-button\" data-id=\"19ae8d4\" data-element_type=\"widget\" data-widget_type=\"gpi-button.default\">\n\t\t\t\t<div class=\"elementor-widget-container\">\n\t\t\t\t\t\n\t\t<div class=\"gpi-button \">\n\t\t\t<a rel=\"nofollow\" href=\"https:\/\/gpi-schwarte.com\/de\/sicherheit\/\" id=\"\">\n\t\t\t\t\t\t\t\t\t<span>Weiterlesen<\/span>\n\t\t\t\t\n\t\t\t\t<!-- Icon -->\n\t\t\t\t<div class=\"gpi-button-icon right\">\n\t\t\t\t\t<svg width=\"17\" height=\"16\" viewBox=\"0 0 17 16\" fill=\"none\" xmlns=\"http:\/\/www.w3.org\/2000\/svg\" class=\"inner-arrow\">\n\t\t\t\t\t\t<path d=\"M8.60352 0L7.19352 1.41L12.7735 7H0.603516V9H12.7735L7.19352 14.59L8.60352 16L16.6035 8L8.60352 0Z\" fill=\"#00A799\"\/>\n\t\t\t\t\t<\/svg>\n\n\t\t\t\t\t<svg width=\"52\" height=\"52\" class=\"outer-circle\">\n\t\t\t\t\t\t<circle cx=\"26\" cy=\"26\" r=\"24\" stroke=\"#e1e1e1\" stroke-width=\"1\" fill-opacity=\"0\"><\/circle>\n\t\t\t\t\t\t<circle class=\"circle\" cx=\"26\" cy=\"26\" r=\"24\" stroke=\"#00a799\" fill=\"#fff\" stroke-width=\"3\"><\/circle>\n\t\t\t\t\t<\/svg>\n\t\t\t\t<\/div>\n\t\t\t<\/a>\n\t\t<\/div>\n\n\t\t\t\t\t\t<\/div>\n\t\t\t\t<\/div>\n\t\t\t\t<\/div>\n\t\t\t\t<\/div>\n\t\t\t\t<\/div>\n\t\t\t\t<\/div>\n\t\t\t\t\t<\/div>\n\t\t\t\t<\/div>\n\t\t<div class=\"elementor-element elementor-element-69bc121 e-flex e-con-boxed e-con e-parent\" data-id=\"69bc121\" data-element_type=\"container\">\n\t\t\t\t\t<div class=\"e-con-inner\">\n\t\t<div class=\"elementor-element elementor-element-99dbe04 e-con-full e-flex e-con e-child\" data-id=\"99dbe04\" data-element_type=\"container\">\n\t\t\t\t<div class=\"elementor-element elementor-element-bf68fc1 elementor-widget elementor-widget-overlap-cta\" data-id=\"bf68fc1\" data-element_type=\"widget\" data-widget_type=\"overlap-cta.default\">\n\t\t\t\t<div class=\"elementor-widget-container\">\n\t\t\t\t\t<div class=\"overlap-cta center\">\n    <div class=\"overlap-cta-content\">\n                    <h2>Wir helfen Ihnen gerne!<\/h2>\n        \n                    <p>M\u00f6chten Sie mehr wissen? Senden Sie uns eine Nachricht oder rufen Sie uns an, und wir helfen Ihnen so schnell wie m\u00f6glich!<\/p>\n        \n        \t\t\t<div class=\"gpi-button white\">\n\t\t\t\t<a href=\"https:\/\/gpi-schwarte.com\/de\/kontakt\/\">\n\t\t\t\t\t<span>Kontaktieren Sie uns<\/span>\n\n\t\t\t\t\t<!-- Icon -->\n\t\t\t\t\t<div class=\"gpi-button-icon\">\n\t\t\t\t\t\t<svg width=\"17\" height=\"16\" viewBox=\"0 0 17 16\" fill=\"none\" xmlns=\"http:\/\/www.w3.org\/2000\/svg\" class=\"inner-arrow\">\n\t\t\t\t\t\t\t<path d=\"M8.60352 0L7.19352 1.41L12.7735 7H0.603516V9H12.7735L7.19352 14.59L8.60352 16L16.6035 8L8.60352 0Z\" fill=\"#00A799\"\/>\n\t\t\t\t\t\t<\/svg>\n\n\t\t\t\t\t\t<svg width=\"52\" height=\"52\" class=\"outer-circle\">\n\t\t\t\t\t\t\t<circle cx=\"26\" cy=\"26\" r=\"24\" stroke=\"#e1e1e1\" stroke-width=\"1\" fill-opacity=\"0\"><\/circle>\n\t\t\t\t\t\t\t<circle class=\"circle\" cx=\"26\" cy=\"26\" r=\"24\" stroke=\"#00a799\" fill=\"#fff\" stroke-width=\"3\"><\/circle>\n\t\t\t\t\t\t<\/svg>\n\t\t\t\t\t<\/div>\n\t\t\t\t<\/a>\n\t\t\t<\/div>\n            <\/div>\n\n    <div class=\"overlap-cta-image\"><\/div>\n<\/div>\t\t\t\t<\/div>\n\t\t\t\t<\/div>\n\t\t\t\t<\/div>\n\t\t\t\t\t<\/div>\n\t\t\t\t<\/div>\n\t\t\t\t<\/div>\n\t\t","protected":false},"excerpt":{"rendered":"<p>\u00dcber die Gpi Group Weltklasse-Anbieter f\u00fcr Weltklasse-Kunden Gpi Schwarte ist Teil der Gpi Group. Innerhalb der Gpi Group b\u00fcndeln wir die St\u00e4rken mehrerer spezialisierter Unternehmen. Jedes bringt sein eigenes Fachwissen ein, doch alle sind durch gemeinsame Kernwerte verbunden: Expertise, Engagement, Innovation und Verantwortungsbewusstsein. Diese Werte bilden die Grundlage dessen, wer wir sind, und stellen sicher, [&hellip;]<\/p>\n","protected":false},"author":3,"featured_media":0,"parent":0,"menu_order":0,"comment_status":"closed","ping_status":"closed","template":"","meta":{"_acf_changed":false,"footnotes":""},"class_list":["post-5909","page","type-page","status-publish","hentry"],"acf":[],"_links":{"self":[{"href":"https:\/\/gpi-schwarte.com\/de\/wp-json\/wp\/v2\/pages\/5909","targetHints":{"allow":["GET"]}}],"collection":[{"href":"https:\/\/gpi-schwarte.com\/de\/wp-json\/wp\/v2\/pages"}],"about":[{"href":"https:\/\/gpi-schwarte.com\/de\/wp-json\/wp\/v2\/types\/page"}],"author":[{"embeddable":true,"href":"https:\/\/gpi-schwarte.com\/de\/wp-json\/wp\/v2\/users\/3"}],"replies":[{"embeddable":true,"href":"https:\/\/gpi-schwarte.com\/de\/wp-json\/wp\/v2\/comments?post=5909"}],"version-history":[{"count":21,"href":"https:\/\/gpi-schwarte.com\/de\/wp-json\/wp\/v2\/pages\/5909\/revisions"}],"predecessor-version":[{"id":6611,"href":"https:\/\/gpi-schwarte.com\/de\/wp-json\/wp\/v2\/pages\/5909\/revisions\/6611"}],"wp:attachment":[{"href":"https:\/\/gpi-schwarte.com\/de\/wp-json\/wp\/v2\/media?parent=5909"}],"curies":[{"name":"wp","href":"https:\/\/api.w.org\/{rel}","templated":true}]}}