{"id":5920,"date":"2025-08-29T08:52:05","date_gmt":"2025-08-29T08:52:05","guid":{"rendered":"https:\/\/gpi-schwarte.com\/about-us\/"},"modified":"2025-10-10T09:41:09","modified_gmt":"2025-10-10T09:41:09","slug":"uber-uns","status":"publish","type":"page","link":"https:\/\/gpi-schwarte.com\/de\/uber-uns\/","title":{"rendered":"\u00dcber uns"},"content":{"rendered":"\t\t<div data-elementor-type=\"wp-page\" data-elementor-id=\"5920\" class=\"elementor elementor-5920 elementor-5013\" data-elementor-post-type=\"page\">\n\t\t\t\t<div class=\"elementor-element elementor-element-165afad e-con-full e-flex e-con e-parent\" data-id=\"165afad\" data-element_type=\"container\">\n\t\t\t\t<div class=\"elementor-element elementor-element-24e0821 elementor-widget elementor-widget-brandbox\" data-id=\"24e0821\" data-element_type=\"widget\" data-widget_type=\"brandbox.default\">\n\t\t\t\t<div class=\"elementor-widget-container\">\n\t\t\t\t\t<div class=\"brandbox\">\n\t<div class=\"brandbox-content\">\n\t\t\t\t\n\t\t\t\t\t<h1 class=\"brandbox-title\">Gpi Schwarte<\/h1>\n\t\t\n\t\t\t\t\t<span class=\"brandbox-subtitle\">Ihr Partner f\u00fcr hochwertige, hygienische Tanks in der Milch-, Lebensmittel- und Pharmaindustrie<\/span>\n\t\t\t<\/div>\n\n\t<div class=\"brandbox-media\">\n\t\t\t\t\t<img fetchpriority=\"high\" decoding=\"async\" width=\"1600\" height=\"480\" src=\"https:\/\/gpi-schwarte.com\/wp-content\/uploads\/2025\/09\/SchwarteProcessing_Header_8.jpg\" class=\"attachment-full size-full\" alt=\"\" srcset=\"https:\/\/gpi-schwarte.com\/wp-content\/uploads\/2025\/09\/SchwarteProcessing_Header_8.jpg 1600w, https:\/\/gpi-schwarte.com\/wp-content\/uploads\/2025\/09\/SchwarteProcessing_Header_8-300x90.jpg 300w, https:\/\/gpi-schwarte.com\/wp-content\/uploads\/2025\/09\/SchwarteProcessing_Header_8-1024x307.jpg 1024w, https:\/\/gpi-schwarte.com\/wp-content\/uploads\/2025\/09\/SchwarteProcessing_Header_8-768x230.jpg 768w, https:\/\/gpi-schwarte.com\/wp-content\/uploads\/2025\/09\/SchwarteProcessing_Header_8-1536x461.jpg 1536w\" sizes=\"(max-width: 1600px) 100vw, 1600px\" \/>\t\t\t<\/div> \n<\/div>\n\n\t\t\t\t<\/div>\n\t\t\t\t<\/div>\n\t\t\t\t<\/div>\n\t\t<div class=\"elementor-element elementor-element-5b17ad7 e-flex e-con-boxed e-con e-parent\" data-id=\"5b17ad7\" data-element_type=\"container\">\n\t\t\t\t\t<div class=\"e-con-inner\">\n\t\t<div class=\"elementor-element elementor-element-1464899 e-con-full e-flex e-con e-child\" data-id=\"1464899\" data-element_type=\"container\">\n\t\t\t\t<div class=\"elementor-element elementor-element-25e957a elementor-widget elementor-widget-heading\" data-id=\"25e957a\" data-element_type=\"widget\" data-widget_type=\"heading.default\">\n\t\t\t\t\t<h2 class=\"elementor-heading-title elementor-size-default\">\u00dcber uns<\/h2>\t\t\t\t<\/div>\n\t\t\t\t<div class=\"elementor-element elementor-element-3819dde elementor-widget elementor-widget-text-editor\" data-id=\"3819dde\" data-element_type=\"widget\" data-widget_type=\"text-editor.default\">\n\t\t\t\t\t\t\t\t\t<p data-start=\"0\" data-end=\"368\">Gpi Schwarte ist auf die Planung, Herstellung und Lieferung hochwertiger Edelstahl-Prozess- und Lagertanks f\u00fcr die Milch-, Lebensmittel- und Pharmaindustrie spezialisiert. Von mittelgro\u00dfen Lagertanks bis hin zu komplexen Mehrkammer- und Prozesstanks mit integrierten Misch- und Heizsystemen liefern wir ma\u00dfgeschneiderte L\u00f6sungen, die nahtlos in Ihre Prozesse passen.<\/p><p data-start=\"370\" data-end=\"764\">Mit jahrzehntelanger Erfahrung, insbesondere in der DACH-Region, in D\u00e4nemark und Frankreich, haben wir uns einen starken Ruf als zuverl\u00e4ssiger Lieferant f\u00fcr f\u00fchrende Unternehmen <span data-olk-copy-source=\"MessageBody\">aus verschiedenen Branchen erarbeitet<\/span>. Unsere Tanks sind bekannt f\u00fcr ihr hygienisches Design, die hochwertige Verarbeitung und die breite Palette an Zertifizierungsm\u00f6glichkeiten.<\/p><p data-start=\"766\" data-end=\"1070\">Jeder Tank, den wir bauen, ist das Ergebnis tiefgehender technischer Expertise und enger Zusammenarbeit mit unseren Kunden. Ob aseptische Lagertanks, reinigbare Prozessbeh\u00e4lter oder hochkomplexe Projekte \u2013 wir liefern L\u00f6sungen, die den strengsten hygienischen und technischen Anforderungen entsprechen.<\/p><p data-start=\"1072\" data-end=\"1396\" data-is-last-node=\"\" data-is-only-node=\"\">Unsere St\u00e4rke liegt in der Flexibilit\u00e4t und Zuverl\u00e4ssigkeit. Wir kombinieren ma\u00dfgeschneiderte Konzepte und l\u00f6sungsorientiertes Denken mit effizienter Projektdurchf\u00fchrung gem\u00e4\u00df der &#8222;Gpi-Formel&#8220;. Dies gew\u00e4hrleistet Transparenz, kurze Lieferzeiten und eine reibungslose Zusammenarbeit vom ersten Entwurf hin bis zur finalen Auslieferung.<\/p>\t\t\t\t\t\t\t\t<\/div>\n\t\t\t\t<div class=\"elementor-element elementor-element-e648876 elementor-widget elementor-widget-heading\" data-id=\"e648876\" data-element_type=\"widget\" data-widget_type=\"heading.default\">\n\t\t\t\t\t<h2 class=\"elementor-heading-title elementor-size-default\">Unsere Mission<\/h2>\t\t\t\t<\/div>\n\t\t\t\t<div class=\"elementor-element elementor-element-7a6138a elementor-widget elementor-widget-heading\" data-id=\"7a6138a\" data-element_type=\"widget\" data-widget_type=\"heading.default\">\n\t\t\t\t\t<h3 class=\"elementor-heading-title elementor-size-default\">Weltklasse-Anbieter f\u00fcr Weltklasse-Kunden<\/h3>\t\t\t\t<\/div>\n\t\t\t\t<div class=\"elementor-element elementor-element-c3442a9 elementor-widget elementor-widget-text-editor\" data-id=\"c3442a9\" data-element_type=\"widget\" data-widget_type=\"text-editor.default\">\n\t\t\t\t\t\t\t\t\t<p>Gpi ist ein Weltklasse-Anbieter f\u00fcr Weltklasse-Kunden. Wir erkennen und verstehen die Herausforderungen, denen Sie als Weltklasse-Unternehmen in Ihrer Branche gegen\u00fcberstehen. Unsere technischen Experten \u2013 von Vertrieb und Engineering bis hin zur Produktion \u2013 setzen sich jeden Tag daf\u00fcr ein, Ihre Prozesse effizienter, nachhaltiger und zukunftssicher zu gestalten. Als kundenorientierte Organisation setzen wir auf eine enge Zusammenarbeit, durchdachte L\u00f6sungen und langfristige Partnerschaften. Gemeinsam entwickeln wir L\u00f6sungen, die Ihnen helfen, Ihre Ziele zu erreichen.<\/p>\t\t\t\t\t\t\t\t<\/div>\n\t\t\t\t<\/div>\n\t\t\t\t\t<\/div>\n\t\t\t\t<\/div>\n\t\t<div class=\"elementor-element elementor-element-6d99845 e-flex e-con-boxed e-con e-parent\" data-id=\"6d99845\" data-element_type=\"container\">\n\t\t\t\t\t<div class=\"e-con-inner\">\n\t\t<div class=\"elementor-element elementor-element-f88c3a6 e-con-full e-flex e-con e-child\" data-id=\"f88c3a6\" data-element_type=\"container\">\n\t\t\t\t<div class=\"elementor-element elementor-element-610e67e elementor-widget__width-initial elementor-widget elementor-widget-overlap-cta\" data-id=\"610e67e\" data-element_type=\"widget\" data-widget_type=\"overlap-cta.default\">\n\t\t\t\t<div class=\"elementor-widget-container\">\n\t\t\t\t\t<div class=\"overlap-cta \">\n    <div class=\"overlap-cta-content\">\n                    <h2>Gpi Group                                <\/h2>\n        \n                    <p>Nach der \u00dcbernahme wichtiger Verm\u00f6genswerte der Schwarte Processing durch die GPI Group, wurde im August 2025 die GPI Schwarte gegr\u00fcndet. Durch die Kombination der Expertise von Schwarte im Bereich hygienischer Edelstahltanks mit der Gr\u00f6\u00dfe und St\u00e4rke der Gpi Group erweitern wir unsere M\u00f6glichkeiten in der Milch-, Pharma- und Aseptikindustrie. Innerhalb der Gpi Group kommen spezialisierte Unternehmen zusammen, die jeweils ihr eigenes Fachwissen einbringen. Was uns verbindet, sind unsere gemeinsamen Kernwerte: Expertise, Innovation, Tatkraft und Engagement. Gemeinsam bilden wir ein starkes Kollektiv, das sich gegenseitig st\u00e4rkt und unseren Kunden hilft, voranzukommen.<\/p>\n        \n        \t\t\t<div class=\"gpi-button white\">\n\t\t\t\t<a href=\"https:\/\/gpi-group.com\" target=\"_blank\" rel=\"noopener\">\n\t\t\t\t\t<span>Website der Gpi Group<\/span>\n\n\t\t\t\t\t<!-- Icon -->\n\t\t\t\t\t<div class=\"gpi-button-icon\">\n\t\t\t\t\t\t<svg width=\"17\" height=\"16\" viewBox=\"0 0 17 16\" fill=\"none\" xmlns=\"http:\/\/www.w3.org\/2000\/svg\" class=\"inner-arrow\">\n\t\t\t\t\t\t\t<path d=\"M8.60352 0L7.19352 1.41L12.7735 7H0.603516V9H12.7735L7.19352 14.59L8.60352 16L16.6035 8L8.60352 0Z\" fill=\"#00A799\"\/>\n\t\t\t\t\t\t<\/svg>\n\n\t\t\t\t\t\t<svg width=\"52\" height=\"52\" class=\"outer-circle\">\n\t\t\t\t\t\t\t<circle cx=\"26\" cy=\"26\" r=\"24\" stroke=\"#e1e1e1\" stroke-width=\"1\" fill-opacity=\"0\"><\/circle>\n\t\t\t\t\t\t\t<circle class=\"circle\" cx=\"26\" cy=\"26\" r=\"24\" stroke=\"#00a799\" fill=\"#fff\" stroke-width=\"3\"><\/circle>\n\t\t\t\t\t\t<\/svg>\n\t\t\t\t\t<\/div>\n\t\t\t\t<\/a>\n\t\t\t<\/div>\n            <\/div>\n\n    <div class=\"overlap-cta-image\"><\/div>\n<\/div>\t\t\t\t<\/div>\n\t\t\t\t<\/div>\n\t\t\t\t<\/div>\n\t\t\t\t\t<\/div>\n\t\t\t\t<\/div>\n\t\t\t\t<\/div>\n\t\t","protected":false},"excerpt":{"rendered":"<p>Gpi Schwarte Ihr Partner f\u00fcr hochwertige, hygienische Tanks in der Milch-, Lebensmittel- und Pharmaindustrie \u00dcber uns Gpi Schwarte ist auf die Planung, Herstellung und Lieferung hochwertiger Edelstahl-Prozess- und Lagertanks f\u00fcr die Milch-, Lebensmittel- und Pharmaindustrie spezialisiert. Von mittelgro\u00dfen Lagertanks bis hin zu komplexen Mehrkammer- und Prozesstanks mit integrierten Misch- und Heizsystemen liefern wir ma\u00dfgeschneiderte L\u00f6sungen, [&hellip;]<\/p>\n","protected":false},"author":1,"featured_media":0,"parent":0,"menu_order":0,"comment_status":"closed","ping_status":"closed","template":"","meta":{"_acf_changed":false,"footnotes":""},"class_list":["post-5920","page","type-page","status-publish","hentry"],"acf":[],"_links":{"self":[{"href":"https:\/\/gpi-schwarte.com\/de\/wp-json\/wp\/v2\/pages\/5920","targetHints":{"allow":["GET"]}}],"collection":[{"href":"https:\/\/gpi-schwarte.com\/de\/wp-json\/wp\/v2\/pages"}],"about":[{"href":"https:\/\/gpi-schwarte.com\/de\/wp-json\/wp\/v2\/types\/page"}],"author":[{"embeddable":true,"href":"https:\/\/gpi-schwarte.com\/de\/wp-json\/wp\/v2\/users\/1"}],"replies":[{"embeddable":true,"href":"https:\/\/gpi-schwarte.com\/de\/wp-json\/wp\/v2\/comments?post=5920"}],"version-history":[{"count":18,"href":"https:\/\/gpi-schwarte.com\/de\/wp-json\/wp\/v2\/pages\/5920\/revisions"}],"predecessor-version":[{"id":6781,"href":"https:\/\/gpi-schwarte.com\/de\/wp-json\/wp\/v2\/pages\/5920\/revisions\/6781"}],"wp:attachment":[{"href":"https:\/\/gpi-schwarte.com\/de\/wp-json\/wp\/v2\/media?parent=5920"}],"curies":[{"name":"wp","href":"https:\/\/api.w.org\/{rel}","templated":true}]}}