{"id":5964,"date":"2025-09-23T14:17:29","date_gmt":"2025-09-23T14:17:29","guid":{"rendered":"https:\/\/gpi-schwarte.com\/safety\/"},"modified":"2025-10-16T09:21:45","modified_gmt":"2025-10-16T09:21:45","slug":"sicherheit","status":"publish","type":"page","link":"https:\/\/gpi-schwarte.com\/de\/sicherheit\/","title":{"rendered":"Sicherheit"},"content":{"rendered":"\t\t<div data-elementor-type=\"wp-page\" data-elementor-id=\"5964\" class=\"elementor elementor-5964 elementor-5436\" data-elementor-post-type=\"page\">\n\t\t\t\t<div class=\"elementor-element elementor-element-165afad e-con-full e-flex e-con e-parent\" data-id=\"165afad\" data-element_type=\"container\">\n\t\t\t\t<div class=\"elementor-element elementor-element-24e0821 elementor-widget elementor-widget-brandbox\" data-id=\"24e0821\" data-element_type=\"widget\" data-widget_type=\"brandbox.default\">\n\t\t\t\t<div class=\"elementor-widget-container\">\n\t\t\t\t\t<div class=\"brandbox\">\n\t<div class=\"brandbox-content\">\n\t\t\t\t\n\t\t\t\t\t<h1 class=\"brandbox-title\">Sicherheit<\/h1>\n\t\t\n\t\t\t\t\t<span class=\"brandbox-subtitle\">Unsere Priorit\u00e4t.<\/span>\n\t\t\t<\/div>\n\n\t<div class=\"brandbox-media\">\n\t\t\t\t\t<img fetchpriority=\"high\" decoding=\"async\" width=\"2560\" height=\"1708\" src=\"https:\/\/gpi-schwarte.com\/wp-content\/uploads\/2025\/09\/GPI-80-scaled-1.jpg\" class=\"attachment-full size-full\" alt=\"\" srcset=\"https:\/\/gpi-schwarte.com\/wp-content\/uploads\/2025\/09\/GPI-80-scaled-1.jpg 2560w, https:\/\/gpi-schwarte.com\/wp-content\/uploads\/2025\/09\/GPI-80-scaled-1-300x200.jpg 300w, https:\/\/gpi-schwarte.com\/wp-content\/uploads\/2025\/09\/GPI-80-scaled-1-1024x683.jpg 1024w, https:\/\/gpi-schwarte.com\/wp-content\/uploads\/2025\/09\/GPI-80-scaled-1-768x512.jpg 768w, https:\/\/gpi-schwarte.com\/wp-content\/uploads\/2025\/09\/GPI-80-scaled-1-1536x1025.jpg 1536w, https:\/\/gpi-schwarte.com\/wp-content\/uploads\/2025\/09\/GPI-80-scaled-1-2048x1366.jpg 2048w\" sizes=\"(max-width: 2560px) 100vw, 2560px\" \/>\t\t\t<\/div> \n<\/div>\n\n\t\t\t\t<\/div>\n\t\t\t\t<\/div>\n\t\t\t\t<\/div>\n\t\t<div class=\"elementor-element elementor-element-5b17ad7 e-flex e-con-boxed e-con e-parent\" data-id=\"5b17ad7\" data-element_type=\"container\">\n\t\t\t\t\t<div class=\"e-con-inner\">\n\t\t<div class=\"elementor-element elementor-element-1464899 e-con-full e-flex e-con e-child\" data-id=\"1464899\" data-element_type=\"container\">\n\t\t\t\t<div class=\"elementor-element elementor-element-3819dde elementor-widget elementor-widget-text-editor\" data-id=\"3819dde\" data-element_type=\"widget\" data-widget_type=\"text-editor.default\">\n\t\t\t\t\t\t\t\t\t<p>Bei Gpi Schwarte ist Sicherheit ein fester Bestandteil unserer t\u00e4glichen Arbeitsweise. In unserem eigenen Produktionswerk, in dem wir hochwertige Edelstahl-Prozess- und Lagertanks f\u00fcr die Milch-, Lebensmittel- und Pharmaindustrie entwickeln und herstellen, sichern wir durch strukturelle Ma\u00dfnahmen und eine ausgepr\u00e4gte Sicherheitskultur die Sicherheit unserer Mitarbeitenden und Partner sowie die Endqualit\u00e4t unserer Produkte.<\/p>\t\t\t\t\t\t\t\t<\/div>\n\t\t\t\t<\/div>\n\t\t\t\t\t<\/div>\n\t\t\t\t<\/div>\n\t\t<div class=\"elementor-element elementor-element-6d99845 e-flex e-con-boxed e-con e-parent\" data-id=\"6d99845\" data-element_type=\"container\">\n\t\t\t\t\t<div class=\"e-con-inner\">\n\t\t<div class=\"elementor-element elementor-element-f88c3a6 e-con-full e-flex e-con e-child\" data-id=\"f88c3a6\" data-element_type=\"container\">\n\t\t\t\t<div class=\"elementor-element elementor-element-610e67e elementor-widget__width-initial elementor-widget elementor-widget-overlap-cta\" data-id=\"610e67e\" data-element_type=\"widget\" data-widget_type=\"overlap-cta.default\">\n\t\t\t\t<div class=\"elementor-widget-container\">\n\t\t\t\t\t<div class=\"overlap-cta \">\n    <div class=\"overlap-cta-content\">\n                    <h2>Zertifizierte Prozesse<\/h2>\n        \n                    <p>Unsere Fabrik arbeitet nach den h\u00f6chsten Sicherheits- und Qualit\u00e4tsstandards. Wir verfolgen einen Ansatz, der vollst\u00e4ndig auf Pr\u00e4vention, Kontrolle und kontinuierliche Verbesserung ausgerichtet ist und sicherstellt, dass sowohl Mitarbeitende als auch Produkte stets in einer sicheren und zuverl\u00e4ssigen Umgebung entwickelt werden.<\/p>\n        \n            <\/div>\n\n    <div class=\"overlap-cta-image\"><\/div>\n<\/div>\t\t\t\t<\/div>\n\t\t\t\t<\/div>\n\t\t\t\t<\/div>\n\t\t\t\t\t<\/div>\n\t\t\t\t<\/div>\n\t\t<div class=\"elementor-element elementor-element-fc7d318 e-flex e-con-boxed e-con e-parent\" data-id=\"fc7d318\" data-element_type=\"container\">\n\t\t\t\t\t<div class=\"e-con-inner\">\n\t\t<div class=\"elementor-element elementor-element-7678075 e-con-full e-flex e-con e-child\" data-id=\"7678075\" data-element_type=\"container\">\n\t\t\t\t<div class=\"elementor-element elementor-element-02672a4 elementor-widget elementor-widget-text-editor\" data-id=\"02672a4\" data-element_type=\"widget\" data-widget_type=\"text-editor.default\">\n\t\t\t\t\t\t\t\t\t<div class=\"elementor-element elementor-element-3f6337ff elementor-widget elementor-widget-heading\" data-id=\"3f6337ff\" data-element_type=\"widget\" data-widget_type=\"heading.default\">\n<div class=\"elementor-widget-container\">\n<h2>Sicheres Arbeiten<\/h2>\n<\/div>\n<\/div>\n<div class=\"elementor-element elementor-element-68e68ac1 elementor-widget elementor-widget-text-editor\" data-id=\"68e68ac1\" data-element_type=\"widget\" data-widget_type=\"text-editor.default\">\n<div class=\"elementor-widget-container\">\n<p data-start=\"21\" data-end=\"362\">Unsere Mitarbeitenden sind unsere St\u00e4rke. Projektleiter, Schwei\u00dfer, Monteure und Qualit\u00e4tspersonal verf\u00fcgen \u00fcber die richtige Erfahrung und die notwendigen Zertifizierungen, um ihre Arbeit sicher und sorgf\u00e4ltig auszuf\u00fchren. Interne Schulungen, praxisnahe Toolbox-Meetings und Arbeitsplatzinspektionen tragen zum Sicherheitsbewusstsein bei.<\/p>\n<p data-start=\"364\" data-end=\"798\" data-is-last-node=\"\" data-is-only-node=\"\">Wir sind \u00fcberzeugt, dass Sicherheit mit Einstellung und Verhalten beginnt. Jeder Mitarbeitende ist aktiv daran beteiligt, Sicherheitsaspekte zu erkennen und zu verbessern. Wir sprechen Probleme offen an, teilen Wissen und arbeiten gemeinsam an einer Kultur, in der Sicherheit selbstverst\u00e4ndlich ist. Auf diese Weise schaffen wir nachhaltige Qualit\u00e4t in einer Umgebung, in der Menschen sicher arbeiten und sich weiterentwickeln k\u00f6nnen.<\/p>\n<\/div>\n<\/div>\t\t\t\t\t\t\t\t<\/div>\n\t\t\t\t<\/div>\n\t\t<div class=\"elementor-element elementor-element-dfe918a e-con-full e-flex e-con e-child\" data-id=\"dfe918a\" data-element_type=\"container\">\n\t\t\t\t<div class=\"elementor-element elementor-element-4327f8c elementor-widget elementor-widget-image\" data-id=\"4327f8c\" data-element_type=\"widget\" data-widget_type=\"image.default\">\n\t\t\t\t\t\t\t\t\t\t\t\t\t\t\t<img decoding=\"async\" width=\"1920\" height=\"1080\" src=\"https:\/\/gpi-schwarte.com\/wp-content\/uploads\/2025\/09\/6.jpg\" class=\"attachment-full size-full wp-image-5958\" alt=\"\" srcset=\"https:\/\/gpi-schwarte.com\/wp-content\/uploads\/2025\/09\/6.jpg 1920w, https:\/\/gpi-schwarte.com\/wp-content\/uploads\/2025\/09\/6-300x169.jpg 300w, https:\/\/gpi-schwarte.com\/wp-content\/uploads\/2025\/09\/6-1024x576.jpg 1024w, https:\/\/gpi-schwarte.com\/wp-content\/uploads\/2025\/09\/6-768x432.jpg 768w, https:\/\/gpi-schwarte.com\/wp-content\/uploads\/2025\/09\/6-1536x864.jpg 1536w\" sizes=\"(max-width: 1920px) 100vw, 1920px\" \/>\t\t\t\t\t\t\t\t\t\t\t\t\t\t\t<\/div>\n\t\t\t\t<\/div>\n\t\t\t\t\t<\/div>\n\t\t\t\t<\/div>\n\t\t<div class=\"elementor-element elementor-element-b0bfbd8 e-flex e-con-boxed e-con e-parent\" data-id=\"b0bfbd8\" data-element_type=\"container\">\n\t\t\t\t\t<div class=\"e-con-inner\">\n\t\t<div class=\"elementor-element elementor-element-20020d4 e-con-full e-flex e-con e-child\" data-id=\"20020d4\" data-element_type=\"container\">\n\t\t\t\t<div class=\"elementor-element elementor-element-acf97b4 elementor-widget elementor-widget-image\" data-id=\"acf97b4\" data-element_type=\"widget\" data-widget_type=\"image.default\">\n\t\t\t\t\t\t\t\t\t\t\t\t\t\t\t<img decoding=\"async\" width=\"2048\" height=\"1365\" src=\"https:\/\/gpi-schwarte.com\/wp-content\/uploads\/2025\/09\/Safety-2.jpg\" class=\"attachment-full size-full wp-image-5959\" alt=\"\" srcset=\"https:\/\/gpi-schwarte.com\/wp-content\/uploads\/2025\/09\/Safety-2.jpg 2048w, https:\/\/gpi-schwarte.com\/wp-content\/uploads\/2025\/09\/Safety-2-300x200.jpg 300w, https:\/\/gpi-schwarte.com\/wp-content\/uploads\/2025\/09\/Safety-2-1024x683.jpg 1024w, https:\/\/gpi-schwarte.com\/wp-content\/uploads\/2025\/09\/Safety-2-768x512.jpg 768w, https:\/\/gpi-schwarte.com\/wp-content\/uploads\/2025\/09\/Safety-2-1536x1024.jpg 1536w\" sizes=\"(max-width: 2048px) 100vw, 2048px\" \/>\t\t\t\t\t\t\t\t\t\t\t\t\t\t\t<\/div>\n\t\t\t\t<\/div>\n\t\t<div class=\"elementor-element elementor-element-2b9bd17 e-con-full e-flex e-con e-child\" data-id=\"2b9bd17\" data-element_type=\"container\">\n\t\t\t\t<div class=\"elementor-element elementor-element-871973f elementor-widget elementor-widget-text-editor\" data-id=\"871973f\" data-element_type=\"widget\" data-widget_type=\"text-editor.default\">\n\t\t\t\t\t\t\t\t\t<h2>GMP<\/h2><p data-start=\"7\" data-end=\"643\">Good Manufacturing Practice (GMP) bildet die Grundlage der pharmazeutischen Produktionsprozesse. Bei Gpi entwickeln und bauen wir Tanks, die den GMP-Anforderungen entsprechen \u2013 von der Materialauswahl bis zur finalen Auslieferung. Dazu geh\u00f6ren die vollst\u00e4ndige R\u00fcckverfolgbarkeit der verwendeten Materialien, validierte Reinigungsprozesse (CIP\/SIP) sowie eine umfassende Dokumentation \u00fcber Design, Tests und Inbetriebnahme (z. B. DQ, IQ, OQ und PQ). Good Documentation Practice (GDP) ist ebenfalls ein wesentlicher Bestandteil. Auf diese Weise stellen wir Compliance sicher und liefern Anlagen, die f\u00fcr jedes Audit bereit sind.<\/p><p data-start=\"645\" data-end=\"1096\" data-is-last-node=\"\" data-is-only-node=\"\">GMP und GDP tragen sowohl zur Sicherheit der Endanwender als auch der Bediener und Instandhaltungsteams bei. Durchdachte Konstruktionen verhindern den Kontakt mit gef\u00e4hrlichen Stoffen und erm\u00f6glichen einen sicheren Zugang f\u00fcr Inspektionen und Reinigungen. Klare Dokumentation und validierte Verfahren minimieren das Risiko von Fehlern und Zwischenf\u00e4llen. So entsteht ein kontrolliertes Arbeitsumfeld, in dem Sicherheit und Qualit\u00e4t Hand in Hand gehen.<\/p>\t\t\t\t\t\t\t\t<\/div>\n\t\t\t\t<\/div>\n\t\t\t\t\t<\/div>\n\t\t\t\t<\/div>\n\t\t<div class=\"elementor-element elementor-element-0b9ec7e e-flex e-con-boxed e-con e-parent\" data-id=\"0b9ec7e\" data-element_type=\"container\">\n\t\t\t\t\t<div class=\"e-con-inner\">\n\t\t<div class=\"elementor-element elementor-element-f619355 e-con-full e-flex e-con e-child\" data-id=\"f619355\" data-element_type=\"container\">\n\t\t\t\t<div class=\"elementor-element elementor-element-68b8fd2 elementor-widget elementor-widget-text-editor\" data-id=\"68b8fd2\" data-element_type=\"widget\" data-widget_type=\"text-editor.default\">\n\t\t\t\t\t\t\t\t\t<h2>Sicherheit in jeder Phase<\/h2>\n<p data-start=\"29\" data-end=\"353\">Auch nach der Produktion endet unsere Arbeit nicht. Beim Transport, Heben und Installieren von Edelstahltanks und Druckbeh\u00e4ltern bei unseren Kunden wenden wir die h\u00f6chsten Sicherheitsstandards an. Ob f\u00fcr einen Hersteller in den Niederlanden oder im Ausland \u2013 wir ber\u00fccksichtigen stets die lokalen Gesetze und Vorschriften.<\/p>\n<p data-start=\"355\" data-end=\"592\" data-is-last-node=\"\" data-is-only-node=\"\">Unser Ansatz beginnt bereits in der Konstruktionsphase, in der Transport- und Hebefunktionen in das Design integriert werden. Jeder weitere Schritt vom Werk bis zum endg\u00fcltigen Standort erfolgt nach einem sorgf\u00e4ltig ausgearbeiteten Plan.<\/p>\t\t\t\t\t\t\t\t<\/div>\n\t\t\t\t<\/div>\n\t\t<div class=\"elementor-element elementor-element-36ccc75 e-con-full e-flex e-con e-child\" data-id=\"36ccc75\" data-element_type=\"container\">\n\t\t\t\t<div class=\"elementor-element elementor-element-aa58afe elementor-widget elementor-widget-image\" data-id=\"aa58afe\" data-element_type=\"widget\" data-widget_type=\"image.default\">\n\t\t\t\t\t\t\t\t\t\t\t\t\t\t\t<img loading=\"lazy\" decoding=\"async\" width=\"2560\" height=\"1920\" src=\"https:\/\/gpi-schwarte.com\/wp-content\/uploads\/2025\/09\/img-7696-651079-scaled.jpg\" class=\"attachment-full size-full wp-image-5960\" alt=\"\" srcset=\"https:\/\/gpi-schwarte.com\/wp-content\/uploads\/2025\/09\/img-7696-651079-scaled.jpg 2560w, https:\/\/gpi-schwarte.com\/wp-content\/uploads\/2025\/09\/img-7696-651079-300x225.jpg 300w, https:\/\/gpi-schwarte.com\/wp-content\/uploads\/2025\/09\/img-7696-651079-1024x768.jpg 1024w, https:\/\/gpi-schwarte.com\/wp-content\/uploads\/2025\/09\/img-7696-651079-768x576.jpg 768w, https:\/\/gpi-schwarte.com\/wp-content\/uploads\/2025\/09\/img-7696-651079-1536x1152.jpg 1536w, https:\/\/gpi-schwarte.com\/wp-content\/uploads\/2025\/09\/img-7696-651079-2048x1536.jpg 2048w\" sizes=\"(max-width: 2560px) 100vw, 2560px\" \/>\t\t\t\t\t\t\t\t\t\t\t\t\t\t\t<\/div>\n\t\t\t\t<\/div>\n\t\t\t\t\t<\/div>\n\t\t\t\t<\/div>\n\t\t<div class=\"elementor-element elementor-element-3da0b33 e-flex e-con-boxed e-con e-parent\" data-id=\"3da0b33\" data-element_type=\"container\">\n\t\t\t\t\t<div class=\"e-con-inner\">\n\t\t<div class=\"elementor-element elementor-element-ca354d7 e-con-full e-flex e-con e-child\" data-id=\"ca354d7\" data-element_type=\"container\">\n\t\t\t\t<div class=\"elementor-element elementor-element-e4dc102 elementor-widget elementor-widget-image\" data-id=\"e4dc102\" data-element_type=\"widget\" data-widget_type=\"image.default\">\n\t\t\t\t\t\t\t\t\t\t\t\t\t\t\t<img loading=\"lazy\" decoding=\"async\" width=\"1000\" height=\"667\" src=\"https:\/\/gpi-schwarte.com\/wp-content\/uploads\/2025\/09\/Safety-4.jpg\" class=\"attachment-full size-full wp-image-5961\" alt=\"\" srcset=\"https:\/\/gpi-schwarte.com\/wp-content\/uploads\/2025\/09\/Safety-4.jpg 1000w, https:\/\/gpi-schwarte.com\/wp-content\/uploads\/2025\/09\/Safety-4-300x200.jpg 300w, https:\/\/gpi-schwarte.com\/wp-content\/uploads\/2025\/09\/Safety-4-768x512.jpg 768w\" sizes=\"(max-width: 1000px) 100vw, 1000px\" \/>\t\t\t\t\t\t\t\t\t\t\t\t\t\t\t<\/div>\n\t\t\t\t<\/div>\n\t\t<div class=\"elementor-element elementor-element-198d106 e-con-full e-flex e-con e-child\" data-id=\"198d106\" data-element_type=\"container\">\n\t\t\t\t<div class=\"elementor-element elementor-element-a87eaaa elementor-widget elementor-widget-text-editor\" data-id=\"a87eaaa\" data-element_type=\"widget\" data-widget_type=\"text-editor.default\">\n\t\t\t\t\t\t\t\t\t<h2>PPE<\/h2>\n<p>Jeder Mitarbeitende arbeitet nach festgelegten Sicherheitsverfahren und verwendet die richtige pers\u00f6nliche Schutzausr\u00fcstung. Von Schutzkleidung bis Geh\u00f6rschutz ist alles darauf ausgerichtet, Risiken zu minimieren. Durch diese Disziplin und Konsequenz sind wir in der Lage, als Team sicher und effizient zu arbeiten.<\/p>\t\t\t\t\t\t\t\t<\/div>\n\t\t\t\t<\/div>\n\t\t\t\t\t<\/div>\n\t\t\t\t<\/div>\n\t\t<div class=\"elementor-element elementor-element-91bf28e e-flex e-con-boxed e-con e-parent\" data-id=\"91bf28e\" data-element_type=\"container\">\n\t\t\t\t\t<div class=\"e-con-inner\">\n\t\t<div class=\"elementor-element elementor-element-38f2097 e-con-full e-flex e-con e-child\" data-id=\"38f2097\" data-element_type=\"container\">\n\t\t\t\t<div class=\"elementor-element elementor-element-589229e elementor-widget elementor-widget-text-editor\" data-id=\"589229e\" data-element_type=\"widget\" data-widget_type=\"text-editor.default\">\n\t\t\t\t\t\t\t\t\t<h2>Innovation mit Blick auf Sicherheit<\/h2>\n<p>Wir arbeiten mit modernen Technologien, die nicht nur unseren Produktionsprozess beschleunigen, sondern auch die Sicherheit erh\u00f6hen. Dazu geh\u00f6ren digitale Arbeitsvorbereitung, pr\u00e4zise Messsysteme und intelligente Handhabungswerkzeuge. Durch kontinuierliche Investitionen in Innovation machen wir sowohl in Effizienz als auch in Sicherheit stetige Fortschritte.<\/p>\t\t\t\t\t\t\t\t<\/div>\n\t\t\t\t<\/div>\n\t\t<div class=\"elementor-element elementor-element-b62627a e-con-full e-flex e-con e-child\" data-id=\"b62627a\" data-element_type=\"container\">\n\t\t\t\t<div class=\"elementor-element elementor-element-fbb7d82 elementor-widget elementor-widget-image\" data-id=\"fbb7d82\" data-element_type=\"widget\" data-widget_type=\"image.default\">\n\t\t\t\t\t\t\t\t\t\t\t\t\t\t\t<img loading=\"lazy\" decoding=\"async\" width=\"2560\" height=\"1707\" src=\"https:\/\/gpi-schwarte.com\/wp-content\/uploads\/2025\/09\/GPI-29-scaled-1.jpg\" class=\"attachment-full size-full wp-image-5962\" alt=\"\" srcset=\"https:\/\/gpi-schwarte.com\/wp-content\/uploads\/2025\/09\/GPI-29-scaled-1.jpg 2560w, https:\/\/gpi-schwarte.com\/wp-content\/uploads\/2025\/09\/GPI-29-scaled-1-300x200.jpg 300w, https:\/\/gpi-schwarte.com\/wp-content\/uploads\/2025\/09\/GPI-29-scaled-1-1024x683.jpg 1024w, https:\/\/gpi-schwarte.com\/wp-content\/uploads\/2025\/09\/GPI-29-scaled-1-768x512.jpg 768w, https:\/\/gpi-schwarte.com\/wp-content\/uploads\/2025\/09\/GPI-29-scaled-1-1536x1024.jpg 1536w, https:\/\/gpi-schwarte.com\/wp-content\/uploads\/2025\/09\/GPI-29-scaled-1-2048x1366.jpg 2048w\" sizes=\"(max-width: 2560px) 100vw, 2560px\" \/>\t\t\t\t\t\t\t\t\t\t\t\t\t\t\t<\/div>\n\t\t\t\t<\/div>\n\t\t\t\t\t<\/div>\n\t\t\t\t<\/div>\n\t\t\t\t<\/div>\n\t\t","protected":false},"excerpt":{"rendered":"<p>Sicherheit Unsere Priorit\u00e4t. Bei Gpi Schwarte ist Sicherheit ein fester Bestandteil unserer t\u00e4glichen Arbeitsweise. In unserem eigenen Produktionswerk, in dem wir hochwertige Edelstahl-Prozess- und Lagertanks f\u00fcr die Milch-, Lebensmittel- und Pharmaindustrie entwickeln und herstellen, sichern wir durch strukturelle Ma\u00dfnahmen und eine ausgepr\u00e4gte Sicherheitskultur die Sicherheit unserer Mitarbeitenden und Partner sowie die Endqualit\u00e4t unserer Produkte. Zertifizierte [&hellip;]<\/p>\n","protected":false},"author":3,"featured_media":0,"parent":0,"menu_order":0,"comment_status":"closed","ping_status":"closed","template":"","meta":{"_acf_changed":false,"footnotes":""},"class_list":["post-5964","page","type-page","status-publish","hentry"],"acf":[],"_links":{"self":[{"href":"https:\/\/gpi-schwarte.com\/de\/wp-json\/wp\/v2\/pages\/5964","targetHints":{"allow":["GET"]}}],"collection":[{"href":"https:\/\/gpi-schwarte.com\/de\/wp-json\/wp\/v2\/pages"}],"about":[{"href":"https:\/\/gpi-schwarte.com\/de\/wp-json\/wp\/v2\/types\/page"}],"author":[{"embeddable":true,"href":"https:\/\/gpi-schwarte.com\/de\/wp-json\/wp\/v2\/users\/3"}],"replies":[{"embeddable":true,"href":"https:\/\/gpi-schwarte.com\/de\/wp-json\/wp\/v2\/comments?post=5964"}],"version-history":[{"count":17,"href":"https:\/\/gpi-schwarte.com\/de\/wp-json\/wp\/v2\/pages\/5964\/revisions"}],"predecessor-version":[{"id":6969,"href":"https:\/\/gpi-schwarte.com\/de\/wp-json\/wp\/v2\/pages\/5964\/revisions\/6969"}],"wp:attachment":[{"href":"https:\/\/gpi-schwarte.com\/de\/wp-json\/wp\/v2\/media?parent=5964"}],"curies":[{"name":"wp","href":"https:\/\/api.w.org\/{rel}","templated":true}]}}