{"id":5982,"date":"2025-09-23T14:18:34","date_gmt":"2025-09-23T14:18:34","guid":{"rendered":"https:\/\/gpi-schwarte.com\/sustainability\/"},"modified":"2025-10-08T09:59:17","modified_gmt":"2025-10-08T09:59:17","slug":"nachhaltigkeit","status":"publish","type":"page","link":"https:\/\/gpi-schwarte.com\/de\/nachhaltigkeit\/","title":{"rendered":"Nachhaltigkeit"},"content":{"rendered":"\t\t<div data-elementor-type=\"wp-page\" data-elementor-id=\"5982\" class=\"elementor elementor-5982 elementor-5438\" data-elementor-post-type=\"page\">\n\t\t\t\t<div class=\"elementor-element elementor-element-165afad e-con-full e-flex e-con e-parent\" data-id=\"165afad\" data-element_type=\"container\">\n\t\t\t\t<div class=\"elementor-element elementor-element-24e0821 elementor-widget elementor-widget-brandbox\" data-id=\"24e0821\" data-element_type=\"widget\" data-widget_type=\"brandbox.default\">\n\t\t\t\t<div class=\"elementor-widget-container\">\n\t\t\t\t\t<div class=\"brandbox\">\n\t<div class=\"brandbox-content\">\n\t\t\t\t\n\t\t\t\t\t<h1 class=\"brandbox-title\">Nachhaltigkeit<\/h1>\n\t\t\n\t\t\t\t\t<span class=\"brandbox-subtitle\">Unsere Zukunft.<\/span>\n\t\t\t<\/div>\n\n\t<div class=\"brandbox-media\">\n\t\t\t\t\t<img fetchpriority=\"high\" decoding=\"async\" width=\"1440\" height=\"1340\" src=\"https:\/\/gpi-schwarte.com\/wp-content\/uploads\/2025\/09\/Gpi-Logo-IJsselstein-scaled-e1758888119327.jpg\" class=\"attachment-full size-full\" alt=\"\" srcset=\"https:\/\/gpi-schwarte.com\/wp-content\/uploads\/2025\/09\/Gpi-Logo-IJsselstein-scaled-e1758888119327.jpg 1440w, https:\/\/gpi-schwarte.com\/wp-content\/uploads\/2025\/09\/Gpi-Logo-IJsselstein-scaled-e1758888119327-300x279.jpg 300w, https:\/\/gpi-schwarte.com\/wp-content\/uploads\/2025\/09\/Gpi-Logo-IJsselstein-scaled-e1758888119327-1024x953.jpg 1024w, https:\/\/gpi-schwarte.com\/wp-content\/uploads\/2025\/09\/Gpi-Logo-IJsselstein-scaled-e1758888119327-768x715.jpg 768w\" sizes=\"(max-width: 1440px) 100vw, 1440px\" \/>\t\t\t<\/div> \n<\/div>\n\n\t\t\t\t<\/div>\n\t\t\t\t<\/div>\n\t\t\t\t<\/div>\n\t\t<div class=\"elementor-element elementor-element-5b17ad7 e-flex e-con-boxed e-con e-parent\" data-id=\"5b17ad7\" data-element_type=\"container\">\n\t\t\t\t\t<div class=\"e-con-inner\">\n\t\t<div class=\"elementor-element elementor-element-1464899 e-con-full e-flex e-con e-child\" data-id=\"1464899\" data-element_type=\"container\">\n\t\t\t\t<div class=\"elementor-element elementor-element-3819dde elementor-widget elementor-widget-text-editor\" data-id=\"3819dde\" data-element_type=\"widget\" data-widget_type=\"text-editor.default\">\n\t\t\t\t\t\t\t\t\t<h2>\u00dcber uns<\/h2><div class=\"text-base my-auto mx-auto pb-10 [--thread-content-margin:--spacing(4)] thread-sm:[--thread-content-margin:--spacing(6)] thread-lg:[--thread-content-margin:--spacing(16)] px-(--thread-content-margin)\"><div class=\"[--thread-content-max-width:40rem] thread-lg:[--thread-content-max-width:48rem] mx-auto max-w-(--thread-content-max-width) flex-1 group\/turn-messages focus-visible:outline-hidden relative flex w-full min-w-0 flex-col agent-turn\" tabindex=\"-1\"><div class=\"flex max-w-full flex-col grow\"><div class=\"min-h-8 text-message relative flex w-full flex-col items-end gap-2 text-start break-words whitespace-normal [.text-message+&amp;]:mt-5\" dir=\"auto\" data-message-author-role=\"assistant\" data-message-id=\"89537552-510b-427f-8cf7-ed139420b85b\" data-message-model-slug=\"gpt-5-mini\"><div class=\"flex w-full flex-col gap-1 empty:hidden first:pt-[1px]\"><div class=\"markdown prose dark:prose-invert w-full break-words light markdown-new-styling\"><p data-start=\"0\" data-end=\"561\" data-is-last-node=\"\" data-is-only-node=\"\">Bei Gpi Schwarte setzen wir uns f\u00fcr nachhaltige und verantwortungsbewusste Gesch\u00e4ftspraktiken in einer stark regulierten Branche ein. Wir verbinden fortschrittliche technische L\u00f6sungen mit einem starken Fokus auf Menschen, Umwelt und langfristige Nachhaltigkeit. Das bedeutet, dass wir unsere Materialauswahl, den Energieverbrauch und die Produktionsprozesse sorgf\u00e4ltig betrachten \u2013 und gleichzeitig kontinuierlich in ein sicheres und gesundes Arbeitsumfeld investieren. Auf diese Weise schaffen wir nachhaltigen Mehrwert f\u00fcr unsere Kunden und die Gesellschaft.<\/p><\/div><\/div><\/div><\/div><\/div><\/div>\t\t\t\t\t\t\t\t<\/div>\n\t\t\t\t<\/div>\n\t\t\t\t\t<\/div>\n\t\t\t\t<\/div>\n\t\t<div class=\"elementor-element elementor-element-6d99845 e-flex e-con-boxed e-con e-parent\" data-id=\"6d99845\" data-element_type=\"container\">\n\t\t\t\t\t<div class=\"e-con-inner\">\n\t\t<div class=\"elementor-element elementor-element-f88c3a6 e-con-full e-flex e-con e-child\" data-id=\"f88c3a6\" data-element_type=\"container\">\n\t\t\t\t<div class=\"elementor-element elementor-element-610e67e elementor-widget__width-initial elementor-widget elementor-widget-overlap-cta\" data-id=\"610e67e\" data-element_type=\"widget\" data-widget_type=\"overlap-cta.default\">\n\t\t\t\t<div class=\"elementor-widget-container\">\n\t\t\t\t\t<div class=\"overlap-cta \">\n    <div class=\"overlap-cta-content\">\n                    <h2>Nachhaltige Materialwahl<\/h2>\n        \n                    <p>Gpi entscheidet sich bewusst f\u00fcr Edelstahl aufgrund seiner Langlebigkeit, hygienischen Eigenschaften und langen Lebensdauer. Werkstoffe wie Edelstahl 304, 316L und Duplex (h\u00e4ufig f\u00fcr gr\u00f6\u00dfere Lagervolumen verwendet) bieten eine hervorragende Korrosionsbest\u00e4ndigkeit und eignen sich ideal f\u00fcr intensive, langfristige Eins\u00e4tze in kritischen Prozessen. Dies verl\u00e4ngert die Produktlebensdauer, verringert die Austauschh\u00e4ufigkeit und reduziert die gesamte Umweltbelastung \u00fcber den gesamten Lebenszyklus hinweg. Auf Wunsch fertigen wir Tanks aus Edelstahl mit bis zu 95\u202f% Recyclinganteil, wie zum Beispiel Outokumpu Circle Green\u00ae \u2013 eine verantwortungsbewusste Wahl, ohne Kompromisse bei Qualit\u00e4t oder Compliance einzugehen.<\/p>\n        \n            <\/div>\n\n    <div class=\"overlap-cta-image\"><\/div>\n<\/div>\t\t\t\t<\/div>\n\t\t\t\t<\/div>\n\t\t\t\t<\/div>\n\t\t\t\t\t<\/div>\n\t\t\t\t<\/div>\n\t\t<div class=\"elementor-element elementor-element-1cd6e2e e-flex e-con-boxed e-con e-parent\" data-id=\"1cd6e2e\" data-element_type=\"container\">\n\t\t\t\t\t<div class=\"e-con-inner\">\n\t\t<div class=\"elementor-element elementor-element-d3c233e e-con-full e-flex e-con e-child\" data-id=\"d3c233e\" data-element_type=\"container\">\n\t\t\t\t<div class=\"elementor-element elementor-element-55a760f elementor-widget elementor-widget-text-editor\" data-id=\"55a760f\" data-element_type=\"widget\" data-widget_type=\"text-editor.default\">\n\t\t\t\t\t\t\t\t\t<h2>Nachhaltige Fahrzeugflotte<\/h2><p>Wir machen unsere Mobilit\u00e4t nachhaltiger, indem wir unsere Fahrzeugflotte auf Hybrid- und Elektrofahrzeuge umstellen. Dies reduziert unseren CO\u2082-Fu\u00dfabdruck und tr\u00e4gt zu einer saubereren Zukunft bei.<\/p>\t\t\t\t\t\t\t\t<\/div>\n\t\t\t\t<\/div>\n\t\t<div class=\"elementor-element elementor-element-b3c4e8f e-con-full e-flex e-con e-child\" data-id=\"b3c4e8f\" data-element_type=\"container\">\n\t\t\t\t<div class=\"elementor-element elementor-element-b0deb82 elementor-widget elementor-widget-image\" data-id=\"b0deb82\" data-element_type=\"widget\" data-widget_type=\"image.default\">\n\t\t\t\t\t\t\t\t\t\t\t\t\t\t\t<img decoding=\"async\" width=\"800\" height=\"534\" src=\"https:\/\/gpi-schwarte.com\/wp-content\/uploads\/2025\/09\/MG_4415-2048x1365-1-1024x683.jpg\" class=\"attachment-large size-large wp-image-5922\" alt=\"\" srcset=\"https:\/\/gpi-schwarte.com\/wp-content\/uploads\/2025\/09\/MG_4415-2048x1365-1-1024x683.jpg 1024w, https:\/\/gpi-schwarte.com\/wp-content\/uploads\/2025\/09\/MG_4415-2048x1365-1-300x200.jpg 300w, https:\/\/gpi-schwarte.com\/wp-content\/uploads\/2025\/09\/MG_4415-2048x1365-1-768x512.jpg 768w, https:\/\/gpi-schwarte.com\/wp-content\/uploads\/2025\/09\/MG_4415-2048x1365-1-1536x1024.jpg 1536w, https:\/\/gpi-schwarte.com\/wp-content\/uploads\/2025\/09\/MG_4415-2048x1365-1.jpg 2048w\" sizes=\"(max-width: 800px) 100vw, 800px\" \/>\t\t\t\t\t\t\t\t\t\t\t\t\t\t\t<\/div>\n\t\t\t\t<\/div>\n\t\t\t\t\t<\/div>\n\t\t\t\t<\/div>\n\t\t<div class=\"elementor-element elementor-element-12ade69 e-flex e-con-boxed e-con e-parent\" data-id=\"12ade69\" data-element_type=\"container\">\n\t\t\t\t\t<div class=\"e-con-inner\">\n\t\t<div class=\"elementor-element elementor-element-a4a5b91 e-con-full e-flex e-con e-child\" data-id=\"a4a5b91\" data-element_type=\"container\">\n\t\t\t\t<div class=\"elementor-element elementor-element-071d165 elementor-widget elementor-widget-image\" data-id=\"071d165\" data-element_type=\"widget\" data-widget_type=\"image.default\">\n\t\t\t\t\t\t\t\t\t\t\t\t\t\t\t<img decoding=\"async\" width=\"800\" height=\"534\" src=\"https:\/\/gpi-schwarte.com\/wp-content\/uploads\/2025\/09\/IMG_0336-scaled-1-2048x1366-1-1024x683.jpg\" class=\"attachment-large size-large wp-image-5979\" alt=\"\" srcset=\"https:\/\/gpi-schwarte.com\/wp-content\/uploads\/2025\/09\/IMG_0336-scaled-1-2048x1366-1-1024x683.jpg 1024w, https:\/\/gpi-schwarte.com\/wp-content\/uploads\/2025\/09\/IMG_0336-scaled-1-2048x1366-1-300x200.jpg 300w, https:\/\/gpi-schwarte.com\/wp-content\/uploads\/2025\/09\/IMG_0336-scaled-1-2048x1366-1-768x512.jpg 768w, https:\/\/gpi-schwarte.com\/wp-content\/uploads\/2025\/09\/IMG_0336-scaled-1-2048x1366-1-1536x1025.jpg 1536w, https:\/\/gpi-schwarte.com\/wp-content\/uploads\/2025\/09\/IMG_0336-scaled-1-2048x1366-1.jpg 2048w\" sizes=\"(max-width: 800px) 100vw, 800px\" \/>\t\t\t\t\t\t\t\t\t\t\t\t\t\t\t<\/div>\n\t\t\t\t<\/div>\n\t\t<div class=\"elementor-element elementor-element-d77d651 e-con-full e-flex e-con e-child\" data-id=\"d77d651\" data-element_type=\"container\">\n\t\t\t\t<div class=\"elementor-element elementor-element-c541f4e elementor-widget elementor-widget-text-editor\" data-id=\"c541f4e\" data-element_type=\"widget\" data-widget_type=\"text-editor.default\">\n\t\t\t\t\t\t\t\t\t<h2>Soziales Engagement<\/h2>\n<p>Wir unterst\u00fctzen lokale Gemeinschaften durch Initiativen wie unsere Zusammenarbeit mit JINC, bei der wir Jugendlichen helfen, berufliche Perspektiven zu entdecken. Mit Programmen wie \u201eBaas van Morgen\u201c und praxisnahen Workshops f\u00f6rdern wir Chancengleichheit. Dar\u00fcber hinaus unterst\u00fctzen wir Sport und Teamgeist, indem wir an Veranstaltungen wie Lauf- und Volleyballwettbewerben teilnehmen.<\/p>\t\t\t\t\t\t\t\t<\/div>\n\t\t\t\t<\/div>\n\t\t\t\t\t<\/div>\n\t\t\t\t<\/div>\n\t\t<div class=\"elementor-element elementor-element-d751a46 e-flex e-con-boxed e-con e-parent\" data-id=\"d751a46\" data-element_type=\"container\">\n\t\t\t\t\t<div class=\"e-con-inner\">\n\t\t<div class=\"elementor-element elementor-element-eeac142 e-con-full e-flex e-con e-child\" data-id=\"eeac142\" data-element_type=\"container\">\n\t\t\t\t<div class=\"elementor-element elementor-element-16b62fd elementor-widget elementor-widget-text-editor\" data-id=\"16b62fd\" data-element_type=\"widget\" data-widget_type=\"text-editor.default\">\n\t\t\t\t\t\t\t\t\t<h2>Entwicklung innerhalb des Unternehmens<strong data-start=\"53\" data-end=\"87\"><br \/><\/strong><\/h2>\n<p>F\u00fcr Gpi bedeutet nachhaltiges Unternehmertum auch, in Menschen zu investieren. Wir bieten M\u00f6glichkeiten f\u00fcr Aus- und Weiterbildung, Praktika und Betriebsbesichtigungen. Auf diese Weise f\u00f6rdern wir die berufliche Entwicklung unserer Mitarbeitenden sowie zuk\u00fcnftiger Fachkr\u00e4fte.<\/p>\t\t\t\t\t\t\t\t<\/div>\n\t\t\t\t<\/div>\n\t\t<div class=\"elementor-element elementor-element-8fb89d3 e-con-full e-flex e-con e-child\" data-id=\"8fb89d3\" data-element_type=\"container\">\n\t\t\t\t<div class=\"elementor-element elementor-element-fedefb8 elementor-widget elementor-widget-image\" data-id=\"fedefb8\" data-element_type=\"widget\" data-widget_type=\"image.default\">\n\t\t\t\t\t\t\t\t\t\t\t\t\t\t\t<img loading=\"lazy\" decoding=\"async\" width=\"800\" height=\"534\" src=\"https:\/\/gpi-schwarte.com\/wp-content\/uploads\/2025\/09\/GPI-75-scaled-1-1024x683.jpg\" class=\"attachment-large size-large wp-image-5906\" alt=\"\" srcset=\"https:\/\/gpi-schwarte.com\/wp-content\/uploads\/2025\/09\/GPI-75-scaled-1-1024x683.jpg 1024w, https:\/\/gpi-schwarte.com\/wp-content\/uploads\/2025\/09\/GPI-75-scaled-1-300x200.jpg 300w, https:\/\/gpi-schwarte.com\/wp-content\/uploads\/2025\/09\/GPI-75-scaled-1-768x512.jpg 768w, https:\/\/gpi-schwarte.com\/wp-content\/uploads\/2025\/09\/GPI-75-scaled-1-1536x1025.jpg 1536w, https:\/\/gpi-schwarte.com\/wp-content\/uploads\/2025\/09\/GPI-75-scaled-1-2048x1366.jpg 2048w\" sizes=\"(max-width: 800px) 100vw, 800px\" \/>\t\t\t\t\t\t\t\t\t\t\t\t\t\t\t<\/div>\n\t\t\t\t<\/div>\n\t\t\t\t\t<\/div>\n\t\t\t\t<\/div>\n\t\t<div class=\"elementor-element elementor-element-3bf8068 e-flex e-con-boxed e-con e-parent\" data-id=\"3bf8068\" data-element_type=\"container\">\n\t\t\t\t\t<div class=\"e-con-inner\">\n\t\t<div class=\"elementor-element elementor-element-a3a6afe e-con-full e-flex e-con e-child\" data-id=\"a3a6afe\" data-element_type=\"container\">\n\t\t\t\t<div class=\"elementor-element elementor-element-073c811 elementor-widget elementor-widget-image\" data-id=\"073c811\" data-element_type=\"widget\" data-widget_type=\"image.default\">\n\t\t\t\t\t\t\t\t\t\t\t\t\t\t\t<img loading=\"lazy\" decoding=\"async\" width=\"800\" height=\"534\" src=\"https:\/\/gpi-schwarte.com\/wp-content\/uploads\/2025\/09\/GPI-60-scaled-1-1024x683.jpg\" class=\"attachment-large size-large wp-image-5980\" alt=\"\" srcset=\"https:\/\/gpi-schwarte.com\/wp-content\/uploads\/2025\/09\/GPI-60-scaled-1-1024x683.jpg 1024w, https:\/\/gpi-schwarte.com\/wp-content\/uploads\/2025\/09\/GPI-60-scaled-1-300x200.jpg 300w, https:\/\/gpi-schwarte.com\/wp-content\/uploads\/2025\/09\/GPI-60-scaled-1-768x512.jpg 768w, https:\/\/gpi-schwarte.com\/wp-content\/uploads\/2025\/09\/GPI-60-scaled-1-1536x1025.jpg 1536w, https:\/\/gpi-schwarte.com\/wp-content\/uploads\/2025\/09\/GPI-60-scaled-1-2048x1366.jpg 2048w\" sizes=\"(max-width: 800px) 100vw, 800px\" \/>\t\t\t\t\t\t\t\t\t\t\t\t\t\t\t<\/div>\n\t\t\t\t<\/div>\n\t\t<div class=\"elementor-element elementor-element-aa90445 e-con-full e-flex e-con e-child\" data-id=\"aa90445\" data-element_type=\"container\">\n\t\t\t\t<div class=\"elementor-element elementor-element-f52c9fe elementor-widget elementor-widget-text-editor\" data-id=\"f52c9fe\" data-element_type=\"widget\" data-widget_type=\"text-editor.default\">\n\t\t\t\t\t\t\t\t\t<h2 data-start=\"53\" data-end=\"354\">Ein gutes Arbeitsumfeld<\/h2>\n<p data-start=\"31\" data-end=\"348\">Wir streben eine sichere, respektvolle und inklusive Arbeitskultur an. Wir halten alle geltenden Arbeitsgesetze ein und bieten langfristige Arbeitsplatzsicherheit sowie Entwicklungsm\u00f6glichkeiten. Die Mitarbeitenden erhalten individuell angepasste pers\u00f6nliche Schutzausr\u00fcstung, wie Sicherheitsschuhe und Geh\u00f6rschutz.<\/p>\n<p data-start=\"350\" data-end=\"751\" data-is-last-node=\"\" data-is-only-node=\"\">Dar\u00fcber hinaus f\u00f6rdern wir einen gesunden Lebensstil, indem wir in der Kantine frisches Obst und Milchprodukte bereitstellen, Zugang zu einem Fitnessraum vor Ort erm\u00f6glichen, Sportaktivit\u00e4ten anbieten und ein Fahrradprogramm f\u00fcr nachhaltiges Pendeln unterst\u00fctzen. Neue Kolleg:innen erhalten im Rahmen unseres Engagements zur Abfallreduktion einen wiederverwendbaren Kaffeebecher und eine Trinkflasche.<\/p>\t\t\t\t\t\t\t\t<\/div>\n\t\t\t\t<\/div>\n\t\t\t\t\t<\/div>\n\t\t\t\t<\/div>\n\t\t\t\t<\/div>\n\t\t","protected":false},"excerpt":{"rendered":"<p>Nachhaltigkeit Unsere Zukunft. \u00dcber uns Bei Gpi Schwarte setzen wir uns f\u00fcr nachhaltige und verantwortungsbewusste Gesch\u00e4ftspraktiken in einer stark regulierten Branche ein. Wir verbinden fortschrittliche technische L\u00f6sungen mit einem starken Fokus auf Menschen, Umwelt und langfristige Nachhaltigkeit. Das bedeutet, dass wir unsere Materialauswahl, den Energieverbrauch und die Produktionsprozesse sorgf\u00e4ltig betrachten \u2013 und gleichzeitig kontinuierlich in [&hellip;]<\/p>\n","protected":false},"author":3,"featured_media":5978,"parent":0,"menu_order":0,"comment_status":"closed","ping_status":"closed","template":"","meta":{"_acf_changed":false,"footnotes":""},"class_list":["post-5982","page","type-page","status-publish","has-post-thumbnail","hentry"],"acf":[],"_links":{"self":[{"href":"https:\/\/gpi-schwarte.com\/de\/wp-json\/wp\/v2\/pages\/5982","targetHints":{"allow":["GET"]}}],"collection":[{"href":"https:\/\/gpi-schwarte.com\/de\/wp-json\/wp\/v2\/pages"}],"about":[{"href":"https:\/\/gpi-schwarte.com\/de\/wp-json\/wp\/v2\/types\/page"}],"author":[{"embeddable":true,"href":"https:\/\/gpi-schwarte.com\/de\/wp-json\/wp\/v2\/users\/3"}],"replies":[{"embeddable":true,"href":"https:\/\/gpi-schwarte.com\/de\/wp-json\/wp\/v2\/comments?post=5982"}],"version-history":[{"count":15,"href":"https:\/\/gpi-schwarte.com\/de\/wp-json\/wp\/v2\/pages\/5982\/revisions"}],"predecessor-version":[{"id":6091,"href":"https:\/\/gpi-schwarte.com\/de\/wp-json\/wp\/v2\/pages\/5982\/revisions\/6091"}],"wp:featuredmedia":[{"embeddable":true,"href":"https:\/\/gpi-schwarte.com\/de\/wp-json\/wp\/v2\/media\/5978"}],"wp:attachment":[{"href":"https:\/\/gpi-schwarte.com\/de\/wp-json\/wp\/v2\/media?parent=5982"}],"curies":[{"name":"wp","href":"https:\/\/api.w.org\/{rel}","templated":true}]}}