{"id":6360,"date":"2025-08-29T08:52:05","date_gmt":"2025-08-29T08:52:05","guid":{"rendered":"https:\/\/gpi-schwarte.com\/about-us\/"},"modified":"2025-10-07T13:54:06","modified_gmt":"2025-10-07T13:54:06","slug":"o-nas","status":"publish","type":"page","link":"https:\/\/gpi-schwarte.com\/pl\/o-nas\/","title":{"rendered":"O nas"},"content":{"rendered":"\t\t<div data-elementor-type=\"wp-page\" data-elementor-id=\"6360\" class=\"elementor elementor-6360 elementor-5013\" data-elementor-post-type=\"page\">\n\t\t\t\t<div class=\"elementor-element elementor-element-165afad e-con-full e-flex e-con e-parent\" data-id=\"165afad\" data-element_type=\"container\">\n\t\t\t\t<div class=\"elementor-element elementor-element-24e0821 elementor-widget elementor-widget-brandbox\" data-id=\"24e0821\" data-element_type=\"widget\" data-widget_type=\"brandbox.default\">\n\t\t\t\t<div class=\"elementor-widget-container\">\n\t\t\t\t\t<div class=\"brandbox\">\n\t<div class=\"brandbox-content\">\n\t\t\t\t\n\t\t\t\t\t<h1 class=\"brandbox-title\">Gpi Schwarte<\/h1>\n\t\t\n\t\t\t\t\t<span class=\"brandbox-subtitle\">Tw\u00f3j partner w zakresie wysokiej jako\u015bci zbiornik\u00f3w higienicznych dla bran\u017cy mleczarskiej, spo\u017cywczej i farmaceutycznej<\/span>\n\t\t\t<\/div>\n\n\t<div class=\"brandbox-media\">\n\t\t\t\t\t<img fetchpriority=\"high\" decoding=\"async\" width=\"1600\" height=\"480\" src=\"https:\/\/gpi-schwarte.com\/wp-content\/uploads\/2025\/09\/SchwarteProcessing_Header_8.jpg\" class=\"attachment-full size-full\" alt=\"\" srcset=\"https:\/\/gpi-schwarte.com\/wp-content\/uploads\/2025\/09\/SchwarteProcessing_Header_8.jpg 1600w, https:\/\/gpi-schwarte.com\/wp-content\/uploads\/2025\/09\/SchwarteProcessing_Header_8-300x90.jpg 300w, https:\/\/gpi-schwarte.com\/wp-content\/uploads\/2025\/09\/SchwarteProcessing_Header_8-1024x307.jpg 1024w, https:\/\/gpi-schwarte.com\/wp-content\/uploads\/2025\/09\/SchwarteProcessing_Header_8-768x230.jpg 768w, https:\/\/gpi-schwarte.com\/wp-content\/uploads\/2025\/09\/SchwarteProcessing_Header_8-1536x461.jpg 1536w\" sizes=\"(max-width: 1600px) 100vw, 1600px\" \/>\t\t\t<\/div> \n<\/div>\n\n\t\t\t\t<\/div>\n\t\t\t\t<\/div>\n\t\t\t\t<\/div>\n\t\t<div class=\"elementor-element elementor-element-5b17ad7 e-flex e-con-boxed e-con e-parent\" data-id=\"5b17ad7\" data-element_type=\"container\">\n\t\t\t\t\t<div class=\"e-con-inner\">\n\t\t<div class=\"elementor-element elementor-element-1464899 e-con-full e-flex e-con e-child\" data-id=\"1464899\" data-element_type=\"container\">\n\t\t\t\t<div class=\"elementor-element elementor-element-25e957a elementor-widget elementor-widget-heading\" data-id=\"25e957a\" data-element_type=\"widget\" data-widget_type=\"heading.default\">\n\t\t\t\t\t<h2 class=\"elementor-heading-title elementor-size-default\">O nas<\/h2>\t\t\t\t<\/div>\n\t\t\t\t<div class=\"elementor-element elementor-element-3819dde elementor-widget elementor-widget-text-editor\" data-id=\"3819dde\" data-element_type=\"widget\" data-widget_type=\"text-editor.default\">\n\t\t\t\t\t\t\t\t\t<p>Gpi Schwarte specjalizuje si\u0119 w projektowaniu, produkcji i dostarczaniu wysokiej jako\u015bci zbiornik\u00f3w procesowych i magazynowych ze stali nierdzewnej dla bran\u017cy mleczarskiej, spo\u017cywczej i farmaceutycznej. Od \u015bredniej wielko\u015bci zbiornik\u00f3w magazynowych po z\u0142o\u017cone zbiorniki wielokomorowe i procesowe z integrowanymi systemami mieszania i podgrzewania \u2013 dostarczamy rozwi\u0105zania szyte na miar\u0119, kt\u00f3re doskonale wpisuj\u0105 si\u0119 w procesy naszych klient\u00f3w.<\/p><p>Dzi\u0119ki dekadom do\u015bwiadczenia, zw\u0142aszcza na rynkach DACH, Danii i Francji, zbudowali\u015bmy siln\u0105 reputacj\u0119 rzetelnego dostawcy dla wiod\u0105cych firm, takich jak Tetra Pak, GEA, Zeta, Bilfinger, Danone, Lactalis czy Arla. Nasze zbiorniki cenione s\u0105 za higieniczny design, wysok\u0105 jako\u015b\u0107 wykonania oraz szeroki zakres dost\u0119pnych certyfikacji.<\/p><p>Ka\u017cdy zbiornik, kt\u00f3ry tworzymy, jest wynikiem dog\u0142\u0119bnej wiedzy technicznej i \u015bcis\u0142ej wsp\u00f3\u0142pracy z klientem. Niezale\u017cnie od tego, czy chodzi o zbiorniki aseptyczne, czyszczone procesowo czy projekty o wysokim stopniu z\u0142o\u017cono\u015bci, dostarczamy rozwi\u0105zania spe\u0142niaj\u0105ce najbardziej rygorystyczne wymagania higieniczne i techniczne.<\/p><p>Nasz\u0105 si\u0142\u0105 jest elastyczno\u015b\u0107 i niezawodno\u015b\u0107. \u0141\u0105czymy indywidualne podej\u015bcie in\u017cynieryjne i zorientowanie na rozwi\u0105zania z efektywn\u0105 realizacj\u0105 projekt\u00f3w zgodnie z Gpi Formula. Dzi\u0119ki temu zapewniamy transparentno\u015b\u0107, kr\u00f3tkie terminy realizacji i p\u0142ynn\u0105 wsp\u00f3\u0142prac\u0119 \u2013 od pierwszego projektu po finalne przekazanie.<\/p>\t\t\t\t\t\t\t\t<\/div>\n\t\t\t\t<div class=\"elementor-element elementor-element-e648876 elementor-widget elementor-widget-heading\" data-id=\"e648876\" data-element_type=\"widget\" data-widget_type=\"heading.default\">\n\t\t\t\t\t<h2 class=\"elementor-heading-title elementor-size-default\">Nasza misja<\/h2>\t\t\t\t<\/div>\n\t\t\t\t<div class=\"elementor-element elementor-element-7a6138a elementor-widget elementor-widget-heading\" data-id=\"7a6138a\" data-element_type=\"widget\" data-widget_type=\"heading.default\">\n\t\t\t\t\t<h3 class=\"elementor-heading-title elementor-size-default\">\u015awiatowej klasy gracz dla \u015bwiatowej klasy graczy<\/h3>\t\t\t\t<\/div>\n\t\t\t\t<div class=\"elementor-element elementor-element-c3442a9 elementor-widget elementor-widget-text-editor\" data-id=\"c3442a9\" data-element_type=\"widget\" data-widget_type=\"text-editor.default\">\n\t\t\t\t\t\t\t\t\t<p>Gpi to \u015bwiatowej klasy gracz dla \u015bwiatowej klasy graczy. Rozumiemy wyzwania, z jakimi mierz\u0105 si\u0119 liderzy w swoich bran\u017cach. Nasi mistrzowie techniczni \u2013 od sprzeda\u017cy i in\u017cynierii po produkcj\u0119 \u2013 ka\u017cdego dnia pracuj\u0105 nad tym, aby Twoje procesy by\u0142y wydajniejsze, bardziej zr\u00f3wnowa\u017cone i gotowe na przysz\u0142o\u015b\u0107. Jako organizacja zorientowana na klienta wierzymy w blisk\u0105 wsp\u00f3\u0142prac\u0119, przemy\u015blane rozwi\u0105zania oraz d\u0142ugofalowe partnerstwa. Razem tworzymy rozwi\u0105zania, kt\u00f3re pomagaj\u0105 Ci osi\u0105ga\u0107 Twoje cele.<\/p>\t\t\t\t\t\t\t\t<\/div>\n\t\t\t\t<\/div>\n\t\t\t\t\t<\/div>\n\t\t\t\t<\/div>\n\t\t<div class=\"elementor-element elementor-element-6d99845 e-flex e-con-boxed e-con e-parent\" data-id=\"6d99845\" data-element_type=\"container\">\n\t\t\t\t\t<div class=\"e-con-inner\">\n\t\t<div class=\"elementor-element elementor-element-f88c3a6 e-con-full e-flex e-con e-child\" data-id=\"f88c3a6\" data-element_type=\"container\">\n\t\t\t\t<div class=\"elementor-element elementor-element-610e67e elementor-widget__width-initial elementor-widget elementor-widget-overlap-cta\" data-id=\"610e67e\" data-element_type=\"widget\" data-widget_type=\"overlap-cta.default\">\n\t\t\t\t<div class=\"elementor-widget-container\">\n\t\t\t\t\t<div class=\"overlap-cta \">\n    <div class=\"overlap-cta-content\">\n                    <h2>Gpi Group                                <\/h2>\n        \n                    <p>Gpi Schwarte zosta\u0142a za\u0142o\u017cona w sierpniu 2025 roku po przej\u0119ciu kluczowych aktyw\u00f3w Schwarte Processing przez Gpi Group. \u0141\u0105cz\u0105c do\u015bwiadczenie Schwarte w zakresie higienicznych zbiornik\u00f3w ze stali nierdzewnej ze skal\u0105 i si\u0142\u0105 Gpi Group, poszerzamy nasze mo\u017cliwo\u015bci w bran\u017cy mleczarskiej, farmaceutycznej i aseptycznej. W ramach Gpi Group wsp\u00f3\u0142pracuj\u0105 wyspecjalizowane sp\u00f3\u0142ki, z kt\u00f3rych ka\u017cda wnosi w\u0142asn\u0105 ekspertyz\u0119. Tym, co nas \u0142\u0105czy, s\u0105 wsp\u00f3lne warto\u015bci: kompetencje, innowacyjno\u015b\u0107, determinacja i zaanga\u017cowanie. Razem tworzymy siln\u0105 grup\u0119, kt\u00f3ra wzajemnie si\u0119 wspiera i pomaga rozwija\u0107 si\u0119 naszym klientom.<\/p>\n        \n        \t\t\t<div class=\"gpi-button white\">\n\t\t\t\t<a href=\"https:\/\/gpi-group.com\" target=\"_blank\" rel=\"noopener\">\n\t\t\t\t\t<span>Strona Gpi Group<\/span>\n\n\t\t\t\t\t<!-- Icon -->\n\t\t\t\t\t<div class=\"gpi-button-icon\">\n\t\t\t\t\t\t<svg width=\"17\" height=\"16\" viewBox=\"0 0 17 16\" fill=\"none\" xmlns=\"http:\/\/www.w3.org\/2000\/svg\" class=\"inner-arrow\">\n\t\t\t\t\t\t\t<path d=\"M8.60352 0L7.19352 1.41L12.7735 7H0.603516V9H12.7735L7.19352 14.59L8.60352 16L16.6035 8L8.60352 0Z\" fill=\"#00A799\"\/>\n\t\t\t\t\t\t<\/svg>\n\n\t\t\t\t\t\t<svg width=\"52\" height=\"52\" class=\"outer-circle\">\n\t\t\t\t\t\t\t<circle cx=\"26\" cy=\"26\" r=\"24\" stroke=\"#e1e1e1\" stroke-width=\"1\" fill-opacity=\"0\"><\/circle>\n\t\t\t\t\t\t\t<circle class=\"circle\" cx=\"26\" cy=\"26\" r=\"24\" stroke=\"#00a799\" fill=\"#fff\" stroke-width=\"3\"><\/circle>\n\t\t\t\t\t\t<\/svg>\n\t\t\t\t\t<\/div>\n\t\t\t\t<\/a>\n\t\t\t<\/div>\n            <\/div>\n\n    <div class=\"overlap-cta-image\"><\/div>\n<\/div>\t\t\t\t<\/div>\n\t\t\t\t<\/div>\n\t\t\t\t<\/div>\n\t\t\t\t\t<\/div>\n\t\t\t\t<\/div>\n\t\t\t\t<\/div>\n\t\t","protected":false},"excerpt":{"rendered":"<p>Gpi Schwarte Tw\u00f3j partner w zakresie wysokiej jako\u015bci zbiornik\u00f3w higienicznych dla bran\u017cy mleczarskiej, spo\u017cywczej i farmaceutycznej O nas Gpi Schwarte specjalizuje si\u0119 w projektowaniu, produkcji i dostarczaniu wysokiej jako\u015bci zbiornik\u00f3w procesowych i magazynowych ze stali nierdzewnej dla bran\u017cy mleczarskiej, spo\u017cywczej i farmaceutycznej. Od \u015bredniej wielko\u015bci zbiornik\u00f3w magazynowych po z\u0142o\u017cone zbiorniki wielokomorowe i procesowe z integrowanymi [&hellip;]<\/p>\n","protected":false},"author":1,"featured_media":0,"parent":0,"menu_order":0,"comment_status":"closed","ping_status":"closed","template":"","meta":{"_acf_changed":false,"footnotes":""},"class_list":["post-6360","page","type-page","status-publish","hentry"],"acf":[],"_links":{"self":[{"href":"https:\/\/gpi-schwarte.com\/pl\/wp-json\/wp\/v2\/pages\/6360","targetHints":{"allow":["GET"]}}],"collection":[{"href":"https:\/\/gpi-schwarte.com\/pl\/wp-json\/wp\/v2\/pages"}],"about":[{"href":"https:\/\/gpi-schwarte.com\/pl\/wp-json\/wp\/v2\/types\/page"}],"author":[{"embeddable":true,"href":"https:\/\/gpi-schwarte.com\/pl\/wp-json\/wp\/v2\/users\/1"}],"replies":[{"embeddable":true,"href":"https:\/\/gpi-schwarte.com\/pl\/wp-json\/wp\/v2\/comments?post=6360"}],"version-history":[{"count":6,"href":"https:\/\/gpi-schwarte.com\/pl\/wp-json\/wp\/v2\/pages\/6360\/revisions"}],"predecessor-version":[{"id":6382,"href":"https:\/\/gpi-schwarte.com\/pl\/wp-json\/wp\/v2\/pages\/6360\/revisions\/6382"}],"wp:attachment":[{"href":"https:\/\/gpi-schwarte.com\/pl\/wp-json\/wp\/v2\/media?parent=6360"}],"curies":[{"name":"wp","href":"https:\/\/api.w.org\/{rel}","templated":true}]}}