{"id":6927,"date":"2025-09-23T14:17:29","date_gmt":"2025-09-23T14:17:29","guid":{"rendered":"https:\/\/gpi-schwarte.com\/safety\/"},"modified":"2025-10-16T09:03:16","modified_gmt":"2025-10-16T09:03:16","slug":"safety","status":"publish","type":"page","link":"https:\/\/gpi-schwarte.com\/pl\/safety\/","title":{"rendered":"Bezpiecze\u0144stwo"},"content":{"rendered":"\t\t<div data-elementor-type=\"wp-page\" data-elementor-id=\"6927\" class=\"elementor elementor-6927 elementor-5436\" data-elementor-post-type=\"page\">\n\t\t\t\t<div class=\"elementor-element elementor-element-165afad e-con-full e-flex e-con e-parent\" data-id=\"165afad\" data-element_type=\"container\">\n\t\t\t\t<div class=\"elementor-element elementor-element-24e0821 elementor-widget elementor-widget-brandbox\" data-id=\"24e0821\" data-element_type=\"widget\" data-widget_type=\"brandbox.default\">\n\t\t\t\t<div class=\"elementor-widget-container\">\n\t\t\t\t\t<div class=\"brandbox\">\n\t<div class=\"brandbox-content\">\n\t\t\t\t\n\t\t\t\t\t<h1 class=\"brandbox-title\">Bezpiecze\u0144stwo<\/h1>\n\t\t\n\t\t\t\t\t<span class=\"brandbox-subtitle\">Nasz priorytet.<\/span>\n\t\t\t<\/div>\n\n\t<div class=\"brandbox-media\">\n\t\t\t\t\t<img fetchpriority=\"high\" decoding=\"async\" width=\"2560\" height=\"1708\" src=\"https:\/\/gpi-schwarte.com\/wp-content\/uploads\/2025\/09\/GPI-80-scaled-1.jpg\" class=\"attachment-full size-full\" alt=\"\" srcset=\"https:\/\/gpi-schwarte.com\/wp-content\/uploads\/2025\/09\/GPI-80-scaled-1.jpg 2560w, https:\/\/gpi-schwarte.com\/wp-content\/uploads\/2025\/09\/GPI-80-scaled-1-300x200.jpg 300w, https:\/\/gpi-schwarte.com\/wp-content\/uploads\/2025\/09\/GPI-80-scaled-1-1024x683.jpg 1024w, https:\/\/gpi-schwarte.com\/wp-content\/uploads\/2025\/09\/GPI-80-scaled-1-768x512.jpg 768w, https:\/\/gpi-schwarte.com\/wp-content\/uploads\/2025\/09\/GPI-80-scaled-1-1536x1025.jpg 1536w, https:\/\/gpi-schwarte.com\/wp-content\/uploads\/2025\/09\/GPI-80-scaled-1-2048x1366.jpg 2048w\" sizes=\"(max-width: 2560px) 100vw, 2560px\" \/>\t\t\t<\/div> \n<\/div>\n\n\t\t\t\t<\/div>\n\t\t\t\t<\/div>\n\t\t\t\t<\/div>\n\t\t<div class=\"elementor-element elementor-element-5b17ad7 e-flex e-con-boxed e-con e-parent\" data-id=\"5b17ad7\" data-element_type=\"container\">\n\t\t\t\t\t<div class=\"e-con-inner\">\n\t\t<div class=\"elementor-element elementor-element-1464899 e-con-full e-flex e-con e-child\" data-id=\"1464899\" data-element_type=\"container\">\n\t\t\t\t<div class=\"elementor-element elementor-element-3819dde elementor-widget elementor-widget-text-editor\" data-id=\"3819dde\" data-element_type=\"widget\" data-widget_type=\"text-editor.default\">\n\t\t\t\t\t\t\t\t\t<p>W Gpi Schwarte bezpiecze\u0144stwo jest nierozerwaln\u0105 cz\u0119\u015bci\u0105 naszej codziennej pracy. W naszym zak\u0142adzie produkcyjnym, gdzie projektujemy i wytwarzamy wysokiej jako\u015bci zbiorniki procesowe i magazynowe ze stali nierdzewnej dla bran\u017cy mleczarskiej, spo\u017cywczej i farmaceutycznej, dbamy o bezpiecze\u0144stwo naszych pracownik\u00f3w, partner\u00f3w oraz o ko\u0144cow\u0105 jako\u015b\u0107 produkt\u00f3w poprzez dzia\u0142ania systemowe i siln\u0105 kultur\u0119 bezpiecze\u0144stwa.<\/p>\t\t\t\t\t\t\t\t<\/div>\n\t\t\t\t<\/div>\n\t\t\t\t\t<\/div>\n\t\t\t\t<\/div>\n\t\t<div class=\"elementor-element elementor-element-6d99845 e-flex e-con-boxed e-con e-parent\" data-id=\"6d99845\" data-element_type=\"container\">\n\t\t\t\t\t<div class=\"e-con-inner\">\n\t\t<div class=\"elementor-element elementor-element-f88c3a6 e-con-full e-flex e-con e-child\" data-id=\"f88c3a6\" data-element_type=\"container\">\n\t\t\t\t<div class=\"elementor-element elementor-element-610e67e elementor-widget__width-initial elementor-widget elementor-widget-overlap-cta\" data-id=\"610e67e\" data-element_type=\"widget\" data-widget_type=\"overlap-cta.default\">\n\t\t\t\t<div class=\"elementor-widget-container\">\n\t\t\t\t\t<div class=\"overlap-cta \">\n    <div class=\"overlap-cta-content\">\n                    <h2>Certyfikowane procesy<\/h2>\n        \n                    <p>Nasz zak\u0142ad dzia\u0142a zgodnie z najwy\u017cszymi standardami bezpiecze\u0144stwa i jako\u015bci. Stosujemy podej\u015bcie w pe\u0142ni skoncentrowane na prewencji, kontroli i ci\u0105g\u0142ym doskonaleniu, zapewniaj\u0105c, \u017ce zar\u00f3wno pracownicy, jak i produkty rozwijaj\u0105 si\u0119 zawsze w bezpiecznym i niezawodnym \u015brodowisku.<\/p>\n        \n            <\/div>\n\n    <div class=\"overlap-cta-image\"><\/div>\n<\/div>\t\t\t\t<\/div>\n\t\t\t\t<\/div>\n\t\t\t\t<\/div>\n\t\t\t\t\t<\/div>\n\t\t\t\t<\/div>\n\t\t<div class=\"elementor-element elementor-element-fc7d318 e-flex e-con-boxed e-con e-parent\" data-id=\"fc7d318\" data-element_type=\"container\">\n\t\t\t\t\t<div class=\"e-con-inner\">\n\t\t<div class=\"elementor-element elementor-element-7678075 e-con-full e-flex e-con e-child\" data-id=\"7678075\" data-element_type=\"container\">\n\t\t\t\t<div class=\"elementor-element elementor-element-02672a4 elementor-widget elementor-widget-text-editor\" data-id=\"02672a4\" data-element_type=\"widget\" data-widget_type=\"text-editor.default\">\n\t\t\t\t\t\t\t\t\t<div class=\"elementor-element elementor-element-3f6337ff elementor-widget elementor-widget-heading\" data-id=\"3f6337ff\" data-element_type=\"widget\" data-widget_type=\"heading.default\"><h2 class=\"elementor-heading-title elementor-size-default\">Bezpieczna praca<\/h2><p data-start=\"20\" data-end=\"399\">Nasi ludzie s\u0105 nasz\u0105 si\u0142\u0105. Kierownicy projekt\u00f3w, spawacze, monterzy i pracownicy dzia\u0142u jako\u015bci posiadaj\u0105 odpowiednie do\u015bwiadczenie oraz certyfikaty, kt\u00f3re umo\u017cliwiaj\u0105 im wykonywanie pracy w spos\u00f3b bezpieczny i dok\u0142adny. Wewn\u0119trzne szkolenia, praktyczne spotkania typu toolbox oraz kontrole stanowisk pracy przyczyniaj\u0105 si\u0119 do podnoszenia \u015bwiadomo\u015bci w zakresie bezpiecze\u0144stwa.<\/p><p data-start=\"401\" data-end=\"834\" data-is-last-node=\"\" data-is-only-node=\"\">Wierzymy, \u017ce bezpiecze\u0144stwo zaczyna si\u0119 od postawy i zachowania. Ka\u017cdy pracownik jest aktywnie zaanga\u017cowany w identyfikowanie i doskonalenie aspekt\u00f3w zwi\u0105zanych z bezpiecze\u0144stwem. Rozmawiamy ze sob\u0105 otwarcie, dzielimy si\u0119 wiedz\u0105 i wsp\u00f3lnie budujemy kultur\u0119, w kt\u00f3rej bezpiecze\u0144stwo staje si\u0119 naturalnym odruchem. W ten spos\u00f3b tworzymy trwa\u0142\u0105 jako\u015b\u0107 w \u015brodowisku, w kt\u00f3rym ludzie mog\u0105 pracowa\u0107 i rozwija\u0107 si\u0119 w bezpiecznych warunkach.<\/p><\/div>\t\t\t\t\t\t\t\t<\/div>\n\t\t\t\t<\/div>\n\t\t<div class=\"elementor-element elementor-element-dfe918a e-con-full e-flex e-con e-child\" data-id=\"dfe918a\" data-element_type=\"container\">\n\t\t\t\t<div class=\"elementor-element elementor-element-4327f8c elementor-widget elementor-widget-image\" data-id=\"4327f8c\" data-element_type=\"widget\" data-widget_type=\"image.default\">\n\t\t\t\t\t\t\t\t\t\t\t\t\t\t\t<img decoding=\"async\" width=\"1920\" height=\"1080\" src=\"https:\/\/gpi-schwarte.com\/wp-content\/uploads\/2025\/09\/6.jpg\" class=\"attachment-full size-full wp-image-6922\" alt=\"\" srcset=\"https:\/\/gpi-schwarte.com\/wp-content\/uploads\/2025\/09\/6.jpg 1920w, https:\/\/gpi-schwarte.com\/wp-content\/uploads\/2025\/09\/6-300x169.jpg 300w, https:\/\/gpi-schwarte.com\/wp-content\/uploads\/2025\/09\/6-1024x576.jpg 1024w, https:\/\/gpi-schwarte.com\/wp-content\/uploads\/2025\/09\/6-768x432.jpg 768w, https:\/\/gpi-schwarte.com\/wp-content\/uploads\/2025\/09\/6-1536x864.jpg 1536w\" sizes=\"(max-width: 1920px) 100vw, 1920px\" \/>\t\t\t\t\t\t\t\t\t\t\t\t\t\t\t<\/div>\n\t\t\t\t<\/div>\n\t\t\t\t\t<\/div>\n\t\t\t\t<\/div>\n\t\t<div class=\"elementor-element elementor-element-b0bfbd8 e-flex e-con-boxed e-con e-parent\" data-id=\"b0bfbd8\" data-element_type=\"container\">\n\t\t\t\t\t<div class=\"e-con-inner\">\n\t\t<div class=\"elementor-element elementor-element-20020d4 e-con-full e-flex e-con e-child\" data-id=\"20020d4\" data-element_type=\"container\">\n\t\t\t\t<div class=\"elementor-element elementor-element-acf97b4 elementor-widget elementor-widget-image\" data-id=\"acf97b4\" data-element_type=\"widget\" data-widget_type=\"image.default\">\n\t\t\t\t\t\t\t\t\t\t\t\t\t\t\t<img decoding=\"async\" width=\"2048\" height=\"1365\" src=\"https:\/\/gpi-schwarte.com\/wp-content\/uploads\/2025\/09\/Safety-2.jpg\" class=\"attachment-full size-full wp-image-6923\" alt=\"\" srcset=\"https:\/\/gpi-schwarte.com\/wp-content\/uploads\/2025\/09\/Safety-2.jpg 2048w, https:\/\/gpi-schwarte.com\/wp-content\/uploads\/2025\/09\/Safety-2-300x200.jpg 300w, https:\/\/gpi-schwarte.com\/wp-content\/uploads\/2025\/09\/Safety-2-1024x683.jpg 1024w, https:\/\/gpi-schwarte.com\/wp-content\/uploads\/2025\/09\/Safety-2-768x512.jpg 768w, https:\/\/gpi-schwarte.com\/wp-content\/uploads\/2025\/09\/Safety-2-1536x1024.jpg 1536w\" sizes=\"(max-width: 2048px) 100vw, 2048px\" \/>\t\t\t\t\t\t\t\t\t\t\t\t\t\t\t<\/div>\n\t\t\t\t<\/div>\n\t\t<div class=\"elementor-element elementor-element-2b9bd17 e-con-full e-flex e-con e-child\" data-id=\"2b9bd17\" data-element_type=\"container\">\n\t\t\t\t<div class=\"elementor-element elementor-element-871973f elementor-widget elementor-widget-text-editor\" data-id=\"871973f\" data-element_type=\"widget\" data-widget_type=\"text-editor.default\">\n\t\t\t\t\t\t\t\t\t<h2>GMP<\/h2><p data-start=\"0\" data-end=\"614\">Dobra Praktyka Wytwarzania (GMP) stanowi fundament proces\u00f3w produkcyjnych w bran\u017cy farmaceutycznej. W Gpi projektujemy i budujemy zbiorniki spe\u0142niaj\u0105ce wymagania GMP \u2013 od doboru materia\u0142\u00f3w po finalne przekazanie. Obejmuje to pe\u0142n\u0105 identyfikowalno\u015b\u0107 u\u017cytych materia\u0142\u00f3w, walidowane procesy czyszczenia (CIP\/SIP) oraz kompletn\u0105 dokumentacj\u0119 obejmuj\u0105c\u0105 projektowanie, testy i uruchomienie instalacji (takie jak DQ, IQ, OQ i PQ). Integralnym elementem tego procesu jest r\u00f3wnie\u017c Dobra Praktyka Dokumentacyjna (GDP). Dzi\u0119ki temu zapewniamy zgodno\u015b\u0107 z przepisami oraz instalacje gotowe na ka\u017cd\u0105 kontrol\u0119 audytow\u0105.<\/p><p data-start=\"616\" data-end=\"1081\" data-is-last-node=\"\" data-is-only-node=\"\">GMP i GDP przyczyniaj\u0105 si\u0119 do bezpiecze\u0144stwa zar\u00f3wno u\u017cytkownik\u00f3w ko\u0144cowych, jak i operator\u00f3w oraz personelu utrzymania ruchu. Przemy\u015blane projekty zapobiegaj\u0105 nara\u017ceniu na kontakt z substancjami niebezpiecznymi i umo\u017cliwiaj\u0105 bezpieczny dost\u0119p do inspekcji oraz czyszczenia. Jasna dokumentacja i zwalidowane procedury minimalizuj\u0105 ryzyko b\u0142\u0119d\u00f3w i incydent\u00f3w. W ten spos\u00f3b tworzymy kontrolowane \u015brodowisko pracy, w kt\u00f3rym bezpiecze\u0144stwo i jako\u015b\u0107 id\u0105 ze sob\u0105 w parze.<\/p>\t\t\t\t\t\t\t\t<\/div>\n\t\t\t\t<\/div>\n\t\t\t\t\t<\/div>\n\t\t\t\t<\/div>\n\t\t<div class=\"elementor-element elementor-element-0b9ec7e e-flex e-con-boxed e-con e-parent\" data-id=\"0b9ec7e\" data-element_type=\"container\">\n\t\t\t\t\t<div class=\"e-con-inner\">\n\t\t<div class=\"elementor-element elementor-element-f619355 e-con-full e-flex e-con e-child\" data-id=\"f619355\" data-element_type=\"container\">\n\t\t\t\t<div class=\"elementor-element elementor-element-68b8fd2 elementor-widget elementor-widget-text-editor\" data-id=\"68b8fd2\" data-element_type=\"widget\" data-widget_type=\"text-editor.default\">\n\t\t\t\t\t\t\t\t\t<h2>Bezpiecze\u0144stwo na ka\u017cdym etapie<\/h2><p data-start=\"35\" data-end=\"388\">Nasza praca nie ko\u0144czy si\u0119 po zako\u0144czeniu produkcji. Podczas transportu, podnoszenia i monta\u017cu zbiornik\u00f3w ze stali nierdzewnej oraz zbiornik\u00f3w ci\u015bnieniowych u klient\u00f3w stosujemy najwy\u017csze standardy bezpiecze\u0144stwa. Niezale\u017cnie od tego, czy realizujemy projekt dla producenta w Holandii, czy za granic\u0105, zawsze uwzgl\u0119dniamy lokalne przepisy i regulacje.<\/p><p data-start=\"390\" data-end=\"673\" data-is-last-node=\"\" data-is-only-node=\"\">Nasze podej\u015bcie rozpoczyna si\u0119 ju\u017c na etapie projektowania, gdzie elementy zwi\u0105zane z transportem i podnoszeniem s\u0105 integraln\u0105 cz\u0119\u015bci\u0105 konstrukcji. Ka\u017cdy kolejny etap \u2014 od opuszczenia fabryki po monta\u017c w miejscu docelowym \u2014 realizowany jest zgodnie ze starannie przygotowanym planem.<\/p>\t\t\t\t\t\t\t\t<\/div>\n\t\t\t\t<\/div>\n\t\t<div class=\"elementor-element elementor-element-36ccc75 e-con-full e-flex e-con e-child\" data-id=\"36ccc75\" data-element_type=\"container\">\n\t\t\t\t<div class=\"elementor-element elementor-element-aa58afe elementor-widget elementor-widget-image\" data-id=\"aa58afe\" data-element_type=\"widget\" data-widget_type=\"image.default\">\n\t\t\t\t\t\t\t\t\t\t\t\t\t\t\t<img loading=\"lazy\" decoding=\"async\" width=\"2560\" height=\"1920\" src=\"https:\/\/gpi-schwarte.com\/wp-content\/uploads\/2025\/09\/img-7696-651079-scaled.jpg\" class=\"attachment-full size-full wp-image-6924\" alt=\"\" srcset=\"https:\/\/gpi-schwarte.com\/wp-content\/uploads\/2025\/09\/img-7696-651079-scaled.jpg 2560w, https:\/\/gpi-schwarte.com\/wp-content\/uploads\/2025\/09\/img-7696-651079-300x225.jpg 300w, https:\/\/gpi-schwarte.com\/wp-content\/uploads\/2025\/09\/img-7696-651079-1024x768.jpg 1024w, https:\/\/gpi-schwarte.com\/wp-content\/uploads\/2025\/09\/img-7696-651079-768x576.jpg 768w, https:\/\/gpi-schwarte.com\/wp-content\/uploads\/2025\/09\/img-7696-651079-1536x1152.jpg 1536w, https:\/\/gpi-schwarte.com\/wp-content\/uploads\/2025\/09\/img-7696-651079-2048x1536.jpg 2048w\" sizes=\"(max-width: 2560px) 100vw, 2560px\" \/>\t\t\t\t\t\t\t\t\t\t\t\t\t\t\t<\/div>\n\t\t\t\t<\/div>\n\t\t\t\t\t<\/div>\n\t\t\t\t<\/div>\n\t\t<div class=\"elementor-element elementor-element-3da0b33 e-flex e-con-boxed e-con e-parent\" data-id=\"3da0b33\" data-element_type=\"container\">\n\t\t\t\t\t<div class=\"e-con-inner\">\n\t\t<div class=\"elementor-element elementor-element-ca354d7 e-con-full e-flex e-con e-child\" data-id=\"ca354d7\" data-element_type=\"container\">\n\t\t\t\t<div class=\"elementor-element elementor-element-e4dc102 elementor-widget elementor-widget-image\" data-id=\"e4dc102\" data-element_type=\"widget\" data-widget_type=\"image.default\">\n\t\t\t\t\t\t\t\t\t\t\t\t\t\t\t<img loading=\"lazy\" decoding=\"async\" width=\"1000\" height=\"667\" src=\"https:\/\/gpi-schwarte.com\/wp-content\/uploads\/2025\/09\/Safety-4.jpg\" class=\"attachment-full size-full wp-image-6925\" alt=\"\" srcset=\"https:\/\/gpi-schwarte.com\/wp-content\/uploads\/2025\/09\/Safety-4.jpg 1000w, https:\/\/gpi-schwarte.com\/wp-content\/uploads\/2025\/09\/Safety-4-300x200.jpg 300w, https:\/\/gpi-schwarte.com\/wp-content\/uploads\/2025\/09\/Safety-4-768x512.jpg 768w\" sizes=\"(max-width: 1000px) 100vw, 1000px\" \/>\t\t\t\t\t\t\t\t\t\t\t\t\t\t\t<\/div>\n\t\t\t\t<\/div>\n\t\t<div class=\"elementor-element elementor-element-198d106 e-con-full e-flex e-con e-child\" data-id=\"198d106\" data-element_type=\"container\">\n\t\t\t\t<div class=\"elementor-element elementor-element-a87eaaa elementor-widget elementor-widget-text-editor\" data-id=\"a87eaaa\" data-element_type=\"widget\" data-widget_type=\"text-editor.default\">\n\t\t\t\t\t\t\t\t\t<h2>\u015arodki ochrony indywidualnej (PPE)<\/h2><p>Ka\u017cdy pracownik wykonuje swoj\u0105 prac\u0119 zgodnie z ustalonymi procedurami bezpiecze\u0144stwa i korzysta z odpowiednich \u015brodk\u00f3w ochrony indywidualnej. Od odzie\u017cy ochronnej po ochronniki s\u0142uchu \u2013 wszystko ma na celu zminimalizowanie ryzyka. Dzi\u0119ki tej dyscyplinie i konsekwencji mo\u017cemy jako zesp\u00f3\u0142 pracowa\u0107 w spos\u00f3b bezpieczny i efektywny.<\/p>\t\t\t\t\t\t\t\t<\/div>\n\t\t\t\t<\/div>\n\t\t\t\t\t<\/div>\n\t\t\t\t<\/div>\n\t\t<div class=\"elementor-element elementor-element-91bf28e e-flex e-con-boxed e-con e-parent\" data-id=\"91bf28e\" data-element_type=\"container\">\n\t\t\t\t\t<div class=\"e-con-inner\">\n\t\t<div class=\"elementor-element elementor-element-38f2097 e-con-full e-flex e-con e-child\" data-id=\"38f2097\" data-element_type=\"container\">\n\t\t\t\t<div class=\"elementor-element elementor-element-589229e elementor-widget elementor-widget-text-editor\" data-id=\"589229e\" data-element_type=\"widget\" data-widget_type=\"text-editor.default\">\n\t\t\t\t\t\t\t\t\t<h2>Innowacje z my\u015bl\u0105 o bezpiecze\u0144stwie<\/h2><p>Pracujemy z wykorzystaniem nowoczesnych technologii, kt\u00f3re nie tylko przyspieszaj\u0105 proces produkcyjny, ale tak\u017ce zwi\u0119kszaj\u0105 poziom bezpiecze\u0144stwa. Obejmuje to cyfrowe przygotowanie pracy, precyzyjne systemy pomiarowe oraz inteligentne narz\u0119dzia do obs\u0142ugi i monta\u017cu. Dzi\u0119ki ci\u0105g\u0142ym inwestycjom w innowacje nieustannie podnosimy efektywno\u015b\u0107 i bezpiecze\u0144stwo naszych proces\u00f3w.<\/p>\t\t\t\t\t\t\t\t<\/div>\n\t\t\t\t<\/div>\n\t\t<div class=\"elementor-element elementor-element-b62627a e-con-full e-flex e-con e-child\" data-id=\"b62627a\" data-element_type=\"container\">\n\t\t\t\t<div class=\"elementor-element elementor-element-fbb7d82 elementor-widget elementor-widget-image\" data-id=\"fbb7d82\" data-element_type=\"widget\" data-widget_type=\"image.default\">\n\t\t\t\t\t\t\t\t\t\t\t\t\t\t\t<img loading=\"lazy\" decoding=\"async\" width=\"2560\" height=\"1707\" src=\"https:\/\/gpi-schwarte.com\/wp-content\/uploads\/2025\/09\/GPI-29-scaled-1.jpg\" class=\"attachment-full size-full wp-image-6683\" alt=\"\" srcset=\"https:\/\/gpi-schwarte.com\/wp-content\/uploads\/2025\/09\/GPI-29-scaled-1.jpg 2560w, https:\/\/gpi-schwarte.com\/wp-content\/uploads\/2025\/09\/GPI-29-scaled-1-300x200.jpg 300w, https:\/\/gpi-schwarte.com\/wp-content\/uploads\/2025\/09\/GPI-29-scaled-1-1024x683.jpg 1024w, https:\/\/gpi-schwarte.com\/wp-content\/uploads\/2025\/09\/GPI-29-scaled-1-768x512.jpg 768w, https:\/\/gpi-schwarte.com\/wp-content\/uploads\/2025\/09\/GPI-29-scaled-1-1536x1024.jpg 1536w, https:\/\/gpi-schwarte.com\/wp-content\/uploads\/2025\/09\/GPI-29-scaled-1-2048x1366.jpg 2048w\" sizes=\"(max-width: 2560px) 100vw, 2560px\" \/>\t\t\t\t\t\t\t\t\t\t\t\t\t\t\t<\/div>\n\t\t\t\t<\/div>\n\t\t\t\t\t<\/div>\n\t\t\t\t<\/div>\n\t\t\t\t<\/div>\n\t\t","protected":false},"excerpt":{"rendered":"<p>Bezpiecze\u0144stwo Nasz priorytet. W Gpi Schwarte bezpiecze\u0144stwo jest nierozerwaln\u0105 cz\u0119\u015bci\u0105 naszej codziennej pracy. W naszym zak\u0142adzie produkcyjnym, gdzie projektujemy i wytwarzamy wysokiej jako\u015bci zbiorniki procesowe i magazynowe ze stali nierdzewnej dla bran\u017cy mleczarskiej, spo\u017cywczej i farmaceutycznej, dbamy o bezpiecze\u0144stwo naszych pracownik\u00f3w, partner\u00f3w oraz o ko\u0144cow\u0105 jako\u015b\u0107 produkt\u00f3w poprzez dzia\u0142ania systemowe i siln\u0105 kultur\u0119 bezpiecze\u0144stwa. Certyfikowane [&hellip;]<\/p>\n","protected":false},"author":3,"featured_media":0,"parent":0,"menu_order":0,"comment_status":"closed","ping_status":"closed","template":"","meta":{"_acf_changed":false,"footnotes":""},"class_list":["post-6927","page","type-page","status-publish","hentry"],"acf":[],"_links":{"self":[{"href":"https:\/\/gpi-schwarte.com\/pl\/wp-json\/wp\/v2\/pages\/6927","targetHints":{"allow":["GET"]}}],"collection":[{"href":"https:\/\/gpi-schwarte.com\/pl\/wp-json\/wp\/v2\/pages"}],"about":[{"href":"https:\/\/gpi-schwarte.com\/pl\/wp-json\/wp\/v2\/types\/page"}],"author":[{"embeddable":true,"href":"https:\/\/gpi-schwarte.com\/pl\/wp-json\/wp\/v2\/users\/3"}],"replies":[{"embeddable":true,"href":"https:\/\/gpi-schwarte.com\/pl\/wp-json\/wp\/v2\/comments?post=6927"}],"version-history":[{"count":5,"href":"https:\/\/gpi-schwarte.com\/pl\/wp-json\/wp\/v2\/pages\/6927\/revisions"}],"predecessor-version":[{"id":6963,"href":"https:\/\/gpi-schwarte.com\/pl\/wp-json\/wp\/v2\/pages\/6927\/revisions\/6963"}],"wp:attachment":[{"href":"https:\/\/gpi-schwarte.com\/pl\/wp-json\/wp\/v2\/media?parent=6927"}],"curies":[{"name":"wp","href":"https:\/\/api.w.org\/{rel}","templated":true}]}}