{"id":7639,"date":"2026-02-11T11:04:21","date_gmt":"2026-02-11T11:04:21","guid":{"rendered":"https:\/\/gpi-schwarte.com\/gpi-services\/"},"modified":"2026-02-26T10:57:43","modified_gmt":"2026-02-26T10:57:43","slug":"gpi-serwis","status":"publish","type":"page","link":"https:\/\/gpi-schwarte.com\/pl\/gpi-serwis\/","title":{"rendered":"Gpi serwis"},"content":{"rendered":"\t\t<div data-elementor-type=\"wp-page\" data-elementor-id=\"7639\" class=\"elementor elementor-7639 elementor-7520\" data-elementor-post-type=\"page\">\n\t\t\t\t<div class=\"elementor-element elementor-element-326a7c46 e-con-full e-flex e-con e-parent\" data-id=\"326a7c46\" data-element_type=\"container\" data-settings=\"{&quot;background_background&quot;:&quot;gradient&quot;}\">\n\t\t\t\t<div class=\"elementor-element elementor-element-a7b6d81 elementor-widget elementor-widget-brandbox\" data-id=\"a7b6d81\" data-element_type=\"widget\" data-widget_type=\"brandbox.default\">\n\t\t\t\t<div class=\"elementor-widget-container\">\n\t\t\t\t\t<div class=\"brandbox\">\n\t<div class=\"brandbox-content\">\n\t\t\t\t\n\t\t\t\t\t<h1 class=\"brandbox-title\">Gpi serwis<\/h1>\n\t\t\n\t\t\t\t\t<span class=\"brandbox-subtitle\">Utrzymanie, cz\u0119\u015bci zamienne i modernizacje<\/span>\n\t\t\t<\/div>\n\n\t<div class=\"brandbox-media\">\n\t\t\t\t\t<img fetchpriority=\"high\" decoding=\"async\" width=\"2100\" height=\"1400\" src=\"https:\/\/gpi-schwarte.com\/wp-content\/uploads\/2026\/02\/Buitendienst-monteur-Joey-2.jpg\" class=\"attachment-full size-full\" alt=\"\" srcset=\"https:\/\/gpi-schwarte.com\/wp-content\/uploads\/2026\/02\/Buitendienst-monteur-Joey-2.jpg 2100w, https:\/\/gpi-schwarte.com\/wp-content\/uploads\/2026\/02\/Buitendienst-monteur-Joey-2-300x200.jpg 300w, https:\/\/gpi-schwarte.com\/wp-content\/uploads\/2026\/02\/Buitendienst-monteur-Joey-2-1024x683.jpg 1024w, https:\/\/gpi-schwarte.com\/wp-content\/uploads\/2026\/02\/Buitendienst-monteur-Joey-2-768x512.jpg 768w, https:\/\/gpi-schwarte.com\/wp-content\/uploads\/2026\/02\/Buitendienst-monteur-Joey-2-1536x1024.jpg 1536w, https:\/\/gpi-schwarte.com\/wp-content\/uploads\/2026\/02\/Buitendienst-monteur-Joey-2-2048x1365.jpg 2048w\" sizes=\"(max-width: 2100px) 100vw, 2100px\" \/>\t\t\t<\/div> \n<\/div>\n\n\t\t\t\t<\/div>\n\t\t\t\t<\/div>\n\t\t\t\t<\/div>\n\t\t<div class=\"elementor-element elementor-element-499b714 e-flex e-con-boxed e-con e-parent\" data-id=\"499b714\" data-element_type=\"container\" data-settings=\"{&quot;background_background&quot;:&quot;gradient&quot;}\">\n\t\t\t\t\t<div class=\"e-con-inner\">\n\t\t<div class=\"elementor-element elementor-element-3ce16572 e-con-full e-flex e-con e-child\" data-id=\"3ce16572\" data-element_type=\"container\">\n\t\t\t\t<div class=\"elementor-element elementor-element-6d157f8c elementor-widget elementor-widget-text-editor\" data-id=\"6d157f8c\" data-element_type=\"widget\" data-widget_type=\"text-editor.default\">\n\t\t\t\t\t\t\t\t\t<p data-start=\"0\" data-end=\"264\">Nasze us\u0142ugi zosta\u0142y zaprojektowane tak, aby wspiera\u0107 Ci\u0119 na ka\u017cdym etapie cyklu \u017cycia Twoich urz\u0105dze\u0144 procesowych.\u00a0Od prewencyjnej konserwacji i dostawy kluczowych cz\u0119\u015bci zamiennych po specjalistyczne modyfikacje &#8211; Gpi serwis zapewnia, \u017ce Twoje systemy b\u0119d\u0105 dzia\u0142a\u0107 niezawodnie i z optymaln\u0105 wydajno\u015bci\u0105. Dzi\u0119ki temu mo\u017cesz skupi\u0107 si\u0119 na tym, co najwa\u017cniejsze: na swoim kluczowym biznesie.<\/p>\t\t\t\t\t\t\t\t<\/div>\n\t\t\t\t<div class=\"elementor-element elementor-element-18e1aff6 elementor-widget elementor-widget-text-editor\" data-id=\"18e1aff6\" data-element_type=\"widget\" data-widget_type=\"text-editor.default\">\n\t\t\t\t\t\t\t\t\t<h3>Nasze us\u0142ugi<\/h3>\t\t\t\t\t\t\t\t<\/div>\n\t\t\t\t<div class=\"elementor-element elementor-element-fd44ae9 elementor-widget elementor-widget-checklist\" data-id=\"fd44ae9\" data-element_type=\"widget\" data-widget_type=\"checklist.default\">\n\t\t\t\t<div class=\"elementor-widget-container\">\n\t\t\t\t\t\t<div class=\"checklist-wrapper\">\n\t\t\t\t\t<span class=\"checklist-item\">Utrzymanie i konserwacja<\/span>\n\t\t\t\t\t<span class=\"checklist-item\">Cz\u0119\u015bci zamienne<\/span>\n\t\t\t\t\t<span class=\"checklist-item\">Modyfikacje i dostosowania<\/span>\n\t\t\t<\/div>\n\t\t\t\t<\/div>\n\t\t\t\t<\/div>\n\t\t\t\t<\/div>\n\t\t<div class=\"elementor-element elementor-element-11b76cc5 e-con-full e-flex e-con e-child\" data-id=\"11b76cc5\" data-element_type=\"container\">\n\t\t\t\t<div class=\"elementor-element elementor-element-16a9b188 elementor-widget elementor-widget-overlap-cta\" data-id=\"16a9b188\" data-element_type=\"widget\" data-widget_type=\"overlap-cta.default\">\n\t\t\t\t<div class=\"elementor-widget-container\">\n\t\t\t\t\t<div class=\"overlap-cta \">\n    <div class=\"overlap-cta-content\">\n                    <h2>Tw\u00f3j partner w zakresie utrzymania, cz\u0119\u015bci zamiennych i modyfikacji<\/h2>\n        \n                    <p>Jeste\u015bmy gotowi wspiera\u0107 Ci\u0119 jako partner w zapewnieniu maksymalnej wydajno\u015bci i d\u0142ugiej \u017cywotno\u015bci Twoich zbiornik\u00f3w.<\/p>\n        \n        \t\t\t<div class=\"gpi-button white\">\n\t\t\t\t<a href=\"https:\/\/gpi-schwarte.com\/contact\/\">\n\t\t\t\t\t<span>Skontaktuj si\u0119 z nami<\/span>\n\n\t\t\t\t\t<!-- Icon -->\n\t\t\t\t\t<div class=\"gpi-button-icon\">\n\t\t\t\t\t\t<svg width=\"17\" height=\"16\" viewBox=\"0 0 17 16\" fill=\"none\" xmlns=\"http:\/\/www.w3.org\/2000\/svg\" class=\"inner-arrow\">\n\t\t\t\t\t\t\t<path d=\"M8.60352 0L7.19352 1.41L12.7735 7H0.603516V9H12.7735L7.19352 14.59L8.60352 16L16.6035 8L8.60352 0Z\" fill=\"#00A799\"\/>\n\t\t\t\t\t\t<\/svg>\n\n\t\t\t\t\t\t<svg width=\"52\" height=\"52\" class=\"outer-circle\">\n\t\t\t\t\t\t\t<circle cx=\"26\" cy=\"26\" r=\"24\" stroke=\"#e1e1e1\" stroke-width=\"1\" fill-opacity=\"0\"><\/circle>\n\t\t\t\t\t\t\t<circle class=\"circle\" cx=\"26\" cy=\"26\" r=\"24\" stroke=\"#00a799\" fill=\"#fff\" stroke-width=\"3\"><\/circle>\n\t\t\t\t\t\t<\/svg>\n\t\t\t\t\t<\/div>\n\t\t\t\t<\/a>\n\t\t\t<\/div>\n            <\/div>\n\n    <div class=\"overlap-cta-image\"><\/div>\n<\/div>\t\t\t\t<\/div>\n\t\t\t\t<\/div>\n\t\t\t\t<\/div>\n\t\t\t\t\t<\/div>\n\t\t\t\t<\/div>\n\t\t<div class=\"elementor-element elementor-element-5edd586 e-flex e-con-boxed e-con e-parent\" data-id=\"5edd586\" data-element_type=\"container\">\n\t\t\t\t\t<div class=\"e-con-inner\">\n\t\t<div class=\"elementor-element elementor-element-6920810b e-con-full e-flex e-con e-child\" data-id=\"6920810b\" data-element_type=\"container\">\n\t\t\t\t<div class=\"elementor-element elementor-element-2110ea06 elementor-widget elementor-widget-image\" data-id=\"2110ea06\" data-element_type=\"widget\" data-widget_type=\"image.default\">\n\t\t\t\t\t\t\t\t\t\t\t\t\t\t\t<img decoding=\"async\" width=\"2100\" height=\"1400\" src=\"https:\/\/gpi-schwarte.com\/wp-content\/uploads\/2026\/02\/Buitendienst-monteur-Joey-8.jpg\" class=\"attachment-full size-full wp-image-7632\" alt=\"\" srcset=\"https:\/\/gpi-schwarte.com\/wp-content\/uploads\/2026\/02\/Buitendienst-monteur-Joey-8.jpg 2100w, https:\/\/gpi-schwarte.com\/wp-content\/uploads\/2026\/02\/Buitendienst-monteur-Joey-8-300x200.jpg 300w, https:\/\/gpi-schwarte.com\/wp-content\/uploads\/2026\/02\/Buitendienst-monteur-Joey-8-1024x683.jpg 1024w, https:\/\/gpi-schwarte.com\/wp-content\/uploads\/2026\/02\/Buitendienst-monteur-Joey-8-768x512.jpg 768w, https:\/\/gpi-schwarte.com\/wp-content\/uploads\/2026\/02\/Buitendienst-monteur-Joey-8-1536x1024.jpg 1536w, https:\/\/gpi-schwarte.com\/wp-content\/uploads\/2026\/02\/Buitendienst-monteur-Joey-8-2048x1365.jpg 2048w\" sizes=\"(max-width: 2100px) 100vw, 2100px\" \/>\t\t\t\t\t\t\t\t\t\t\t\t\t\t\t<\/div>\n\t\t\t\t<\/div>\n\t\t<div class=\"elementor-element elementor-element-42b9a52a e-con-full e-flex e-con e-child\" data-id=\"42b9a52a\" data-element_type=\"container\">\n\t\t\t\t<div class=\"elementor-element elementor-element-739d2fbb elementor-widget elementor-widget-heading\" data-id=\"739d2fbb\" data-element_type=\"widget\" data-widget_type=\"heading.default\">\n\t\t\t\t\t<h2 class=\"elementor-heading-title elementor-size-default\">Utrzymanie i konserwacja<\/h2>\t\t\t\t<\/div>\n\t\t\t\t<div class=\"elementor-element elementor-element-a7b9bf0 elementor-widget elementor-widget-text-editor\" data-id=\"a7b9bf0\" data-element_type=\"widget\" data-widget_type=\"text-editor.default\">\n\t\t\t\t\t\t\t\t\t<p data-start=\"30\" data-end=\"310\">Planowe utrzymanie obejmuje kontrol\u0119 wszystkich kluczowych element\u00f3w w celu zapewnienia prawid\u0142owego funkcjonowania instalacji procesowej oraz zapobiegania przestojom. Inspekcje przeprowadzane s\u0105 na podstawie wcze\u015bniej przygotowanej, indywidualnie dopasowanej listy kontrolnej. Po zako\u0144czeniu przegl\u0105du otrzymasz raport zawieraj\u0105cy wyniki kontroli oraz rekomendowane dzia\u0142ania, kt\u00f3re pozwol\u0105 utrzyma\u0107 optymaln\u0105 wydajno\u015b\u0107 systemu.<\/p><p data-start=\"467\" data-end=\"659\">Zakres konserwacji obejmuje kontrol\u0119 element\u00f3w mechanicznych, komponent\u00f3w bezpiecze\u0144stwa, instalacji fizycznych, po\u0142\u0105cze\u0144 elastycznych, czysto\u015bci, emisji ha\u0142asu oraz cz\u0119\u015bci eksploatacyjnych.<\/p>\t\t\t\t\t\t\t\t<\/div>\n\t\t\t\t<\/div>\n\t\t\t\t\t<\/div>\n\t\t\t\t<\/div>\n\t\t<div class=\"elementor-element elementor-element-4a45c4e0 e-flex e-con-boxed e-con e-parent\" data-id=\"4a45c4e0\" data-element_type=\"container\">\n\t\t\t\t\t<div class=\"e-con-inner\">\n\t\t<div class=\"elementor-element elementor-element-5d8a0b0f e-con-full e-flex e-con e-child\" data-id=\"5d8a0b0f\" data-element_type=\"container\">\n\t\t\t\t<div class=\"elementor-element elementor-element-6cb8d94a elementor-widget elementor-widget-image\" data-id=\"6cb8d94a\" data-element_type=\"widget\" data-widget_type=\"image.default\">\n\t\t\t\t\t\t\t\t\t\t\t\t\t\t\t<img decoding=\"async\" width=\"2100\" height=\"1400\" src=\"https:\/\/gpi-schwarte.com\/wp-content\/uploads\/2026\/02\/MG_2857.jpg\" class=\"attachment-full size-full wp-image-7633\" alt=\"\" srcset=\"https:\/\/gpi-schwarte.com\/wp-content\/uploads\/2026\/02\/MG_2857.jpg 2100w, https:\/\/gpi-schwarte.com\/wp-content\/uploads\/2026\/02\/MG_2857-300x200.jpg 300w, https:\/\/gpi-schwarte.com\/wp-content\/uploads\/2026\/02\/MG_2857-1024x683.jpg 1024w, https:\/\/gpi-schwarte.com\/wp-content\/uploads\/2026\/02\/MG_2857-768x512.jpg 768w, https:\/\/gpi-schwarte.com\/wp-content\/uploads\/2026\/02\/MG_2857-1536x1024.jpg 1536w, https:\/\/gpi-schwarte.com\/wp-content\/uploads\/2026\/02\/MG_2857-2048x1365.jpg 2048w\" sizes=\"(max-width: 2100px) 100vw, 2100px\" \/>\t\t\t\t\t\t\t\t\t\t\t\t\t\t\t<\/div>\n\t\t\t\t<\/div>\n\t\t<div class=\"elementor-element elementor-element-555e769d e-con-full e-flex e-con e-child\" data-id=\"555e769d\" data-element_type=\"container\">\n\t\t\t\t<div class=\"elementor-element elementor-element-6d0eed30 elementor-widget elementor-widget-heading\" data-id=\"6d0eed30\" data-element_type=\"widget\" data-widget_type=\"heading.default\">\n\t\t\t\t\t<h2 class=\"elementor-heading-title elementor-size-default\">Cz\u0119\u015bci zamienne<\/h2>\t\t\t\t<\/div>\n\t\t\t\t<div class=\"elementor-element elementor-element-f091911 elementor-widget elementor-widget-text-editor\" data-id=\"f091911\" data-element_type=\"widget\" data-widget_type=\"text-editor.default\">\n\t\t\t\t\t\t\t\t\t<p>Aby zminimalizowa\u0107 przestoje, kluczowe jest szybkie i niezawodne zapewnienie dost\u0119pno\u015bci cz\u0119\u015bci zamiennych. Gpi Services dostarcza oryginalne cz\u0119\u015bci zamienne dedykowane do Twoich urz\u0105dze\u0144.<\/p>\t\t\t\t\t\t\t\t<\/div>\n\t\t\t\t<\/div>\n\t\t\t\t\t<\/div>\n\t\t\t\t<\/div>\n\t\t<div class=\"elementor-element elementor-element-31fa3881 e-flex e-con-boxed e-con e-parent\" data-id=\"31fa3881\" data-element_type=\"container\">\n\t\t\t\t\t<div class=\"e-con-inner\">\n\t\t<div class=\"elementor-element elementor-element-5d181474 e-con-full e-flex e-con e-child\" data-id=\"5d181474\" data-element_type=\"container\">\n\t\t\t\t<div class=\"elementor-element elementor-element-14a2dc04 elementor-widget elementor-widget-image\" data-id=\"14a2dc04\" data-element_type=\"widget\" data-widget_type=\"image.default\">\n\t\t\t\t\t\t\t\t\t\t\t\t\t\t\t<img loading=\"lazy\" decoding=\"async\" width=\"2100\" height=\"1400\" src=\"https:\/\/gpi-schwarte.com\/wp-content\/uploads\/2026\/02\/MG_3331.jpg\" class=\"attachment-full size-full wp-image-7634\" alt=\"\" srcset=\"https:\/\/gpi-schwarte.com\/wp-content\/uploads\/2026\/02\/MG_3331.jpg 2100w, https:\/\/gpi-schwarte.com\/wp-content\/uploads\/2026\/02\/MG_3331-300x200.jpg 300w, https:\/\/gpi-schwarte.com\/wp-content\/uploads\/2026\/02\/MG_3331-1024x683.jpg 1024w, https:\/\/gpi-schwarte.com\/wp-content\/uploads\/2026\/02\/MG_3331-768x512.jpg 768w, https:\/\/gpi-schwarte.com\/wp-content\/uploads\/2026\/02\/MG_3331-1536x1024.jpg 1536w, https:\/\/gpi-schwarte.com\/wp-content\/uploads\/2026\/02\/MG_3331-2048x1365.jpg 2048w\" sizes=\"(max-width: 2100px) 100vw, 2100px\" \/>\t\t\t\t\t\t\t\t\t\t\t\t\t\t\t<\/div>\n\t\t\t\t<\/div>\n\t\t<div class=\"elementor-element elementor-element-502d6665 e-con-full e-flex e-con e-child\" data-id=\"502d6665\" data-element_type=\"container\">\n\t\t\t\t<div class=\"elementor-element elementor-element-34c47ec4 elementor-widget elementor-widget-heading\" data-id=\"34c47ec4\" data-element_type=\"widget\" data-widget_type=\"heading.default\">\n\t\t\t\t\t<h2 class=\"elementor-heading-title elementor-size-default\">Modyfikacje i dostosowania<\/h2>\t\t\t\t<\/div>\n\t\t\t\t<div class=\"elementor-element elementor-element-666f398f elementor-widget elementor-widget-text-editor\" data-id=\"666f398f\" data-element_type=\"widget\" data-widget_type=\"text-editor.default\">\n\t\t\t\t\t\t\t\t\t<p><span style=\"text-align: var(--text-align); font-family: var(--sofia); font-size: var( --e-global-typography-364a92c-font-size ); letter-spacing: var( --e-global-typography-364a92c-letter-spacing ); word-spacing: var( --e-global-typography-364a92c-word-spacing );\">Nasi serwisanci s\u0105 gotowi przeanalizowa\u0107 Twoj\u0105 instalacj\u0119 procesow\u0105 i wskaza\u0107 mo\u017cliwo\u015bci usprawnie\u0144, kt\u00f3re pozwol\u0105 wyd\u0142u\u017cy\u0107 cykl \u017cycia urz\u0105dze\u0144 oraz poprawi\u0107 ich wydajno\u015b\u0107. Analizujemy r\u00f3wnie\u017c uszkodzenia w celu opracowania odpowiedniego planu naprawy. Przydzielony serwisant pozostaje w sta\u0142ym kontakcie z Tob\u0105 przez ca\u0142y proces modyfikacji.<\/span><\/p><p data-start=\"436\" data-end=\"681\">Oferujemy szeroki zakres us\u0142ug naprawczych, obejmuj\u0105cych m.in. usuwanie nieszczelno\u015bci, p\u0119kni\u0119\u0107, w\u017cer\u00f3w korozyjnych, korozji, cieni CIP, awarii system\u00f3w oraz korekt aparatury kontrolno-pomiarowej.<\/p><p data-start=\"683\" data-end=\"932\">Opr\u00f3cz usuwania bie\u017c\u0105cych problem\u00f3w wspieramy naszych klient\u00f3w w doborze najbardziej efektywnych rozwi\u0105za\u0144 modernizacyjnych oraz zapewniamy kompleksow\u0105 implementacj\u0119 urz\u0105dze\u0144, tak aby zagwarantowa\u0107 ich optymaln\u0105 wydajno\u015b\u0107 i niezawodno\u015b\u0107.<\/p>\t\t\t\t\t\t\t\t<\/div>\n\t\t\t\t<\/div>\n\t\t\t\t\t<\/div>\n\t\t\t\t<\/div>\n\t\t<div class=\"elementor-element elementor-element-15fc9b37 e-flex e-con-boxed e-con e-parent\" data-id=\"15fc9b37\" data-element_type=\"container\">\n\t\t\t\t\t<div class=\"e-con-inner\">\n\t\t<div class=\"elementor-element elementor-element-1dae2837 e-con-full e-flex e-con e-child\" data-id=\"1dae2837\" data-element_type=\"container\">\n\t\t\t\t<div class=\"elementor-element elementor-element-2982e6f3 elementor-widget elementor-widget-heading\" data-id=\"2982e6f3\" data-element_type=\"widget\" data-widget_type=\"heading.default\">\n\t\t\t\t\t<h2 class=\"elementor-heading-title elementor-size-default\">Dlaczego warto wybra\u0107 Gpi serwis?<\/h2>\t\t\t\t<\/div>\n\t\t\t\t<\/div>\n\t\t<div class=\"elementor-element elementor-element-733115a0 e-con-full e-flex e-con e-child\" data-id=\"733115a0\" data-element_type=\"container\">\n\t\t\t\t<div class=\"elementor-element elementor-element-1aa7b49d elementor-widget elementor-widget-image\" data-id=\"1aa7b49d\" data-element_type=\"widget\" data-widget_type=\"image.default\">\n\t\t\t\t\t\t\t\t\t\t\t\t\t\t\t<img loading=\"lazy\" decoding=\"async\" width=\"800\" height=\"534\" src=\"https:\/\/gpi-schwarte.com\/wp-content\/uploads\/2025\/09\/GPI-75-scaled-1-1024x683.jpg\" class=\"attachment-large size-large wp-image-6290\" alt=\"\" srcset=\"https:\/\/gpi-schwarte.com\/wp-content\/uploads\/2025\/09\/GPI-75-scaled-1-1024x683.jpg 1024w, https:\/\/gpi-schwarte.com\/wp-content\/uploads\/2025\/09\/GPI-75-scaled-1-300x200.jpg 300w, https:\/\/gpi-schwarte.com\/wp-content\/uploads\/2025\/09\/GPI-75-scaled-1-768x512.jpg 768w, https:\/\/gpi-schwarte.com\/wp-content\/uploads\/2025\/09\/GPI-75-scaled-1-1536x1025.jpg 1536w, https:\/\/gpi-schwarte.com\/wp-content\/uploads\/2025\/09\/GPI-75-scaled-1-2048x1366.jpg 2048w\" sizes=\"(max-width: 800px) 100vw, 800px\" \/>\t\t\t\t\t\t\t\t\t\t\t\t\t\t\t<\/div>\n\t\t\t\t<div class=\"elementor-element elementor-element-2ccffba5 elementor-widget elementor-widget-heading\" data-id=\"2ccffba5\" data-element_type=\"widget\" data-widget_type=\"heading.default\">\n\t\t\t\t\t<h4 class=\"elementor-heading-title elementor-size-default\">Ekspertyza<\/h4>\t\t\t\t<\/div>\n\t\t\t\t<div class=\"elementor-element elementor-element-79eebb50 elementor-widget elementor-widget-text-editor\" data-id=\"79eebb50\" data-element_type=\"widget\" data-widget_type=\"text-editor.default\">\n\t\t\t\t\t\t\t\t\t<p data-start=\"0\" data-end=\"184\">Dzi\u0119ki 76-letniemu do\u015bwiadczeniu w produkcji zbiornik\u00f3w, urz\u0105dze\u0144 procesowych oraz technologii procesowych, Gpi dysponuje szerok\u0105 wiedz\u0105 i kompetencjami, aby skutecznie Ci\u0119 wspiera\u0107. Nasze zespo\u0142y serwisowe posiadaj\u0105 wysokie kwalifikacje techniczne i doskonale rozumiej\u0105 specyficzne wyzwania Twojej bran\u017cy.<\/p>\t\t\t\t\t\t\t\t<\/div>\n\t\t\t\t<\/div>\n\t\t<div class=\"elementor-element elementor-element-652ffd6a e-con-full e-flex e-con e-child\" data-id=\"652ffd6a\" data-element_type=\"container\">\n\t\t\t\t<div class=\"elementor-element elementor-element-b6195ae elementor-widget elementor-widget-image\" data-id=\"b6195ae\" data-element_type=\"widget\" data-widget_type=\"image.default\">\n\t\t\t\t\t\t\t\t\t\t\t\t\t\t\t<img loading=\"lazy\" decoding=\"async\" width=\"800\" height=\"534\" src=\"https:\/\/gpi-schwarte.com\/wp-content\/uploads\/2026\/02\/MG_7374-1024x683.jpg\" class=\"attachment-large size-large wp-image-7635\" alt=\"\" srcset=\"https:\/\/gpi-schwarte.com\/wp-content\/uploads\/2026\/02\/MG_7374-1024x683.jpg 1024w, https:\/\/gpi-schwarte.com\/wp-content\/uploads\/2026\/02\/MG_7374-300x200.jpg 300w, https:\/\/gpi-schwarte.com\/wp-content\/uploads\/2026\/02\/MG_7374-768x512.jpg 768w, https:\/\/gpi-schwarte.com\/wp-content\/uploads\/2026\/02\/MG_7374-1536x1024.jpg 1536w, https:\/\/gpi-schwarte.com\/wp-content\/uploads\/2026\/02\/MG_7374-2048x1365.jpg 2048w\" sizes=\"(max-width: 800px) 100vw, 800px\" \/>\t\t\t\t\t\t\t\t\t\t\t\t\t\t\t<\/div>\n\t\t\t\t<div class=\"elementor-element elementor-element-325830d4 elementor-widget elementor-widget-heading\" data-id=\"325830d4\" data-element_type=\"widget\" data-widget_type=\"heading.default\">\n\t\t\t\t\t<h4 class=\"elementor-heading-title elementor-size-default\">Kompleksowa obs\u0142uga<\/h4>\t\t\t\t<\/div>\n\t\t\t\t<div class=\"elementor-element elementor-element-e2da484 elementor-widget elementor-widget-text-editor\" data-id=\"e2da484\" data-element_type=\"widget\" data-widget_type=\"text-editor.default\">\n\t\t\t\t\t\t\t\t\t<p>Gpi serwis oferuje pe\u0142en zakres us\u0142ug, od konserwacji i dostawy cz\u0119\u015bci zamiennych, a\u017c po z\u0142o\u017cone modyfikacje. Zapewniamy kompleksowe wsparcie w zakresie wszystkich potrzeb zwi\u0105zanych ze zbiornikami i urz\u0105dzeniami procesowymi.<\/p>\t\t\t\t\t\t\t\t<\/div>\n\t\t\t\t<\/div>\n\t\t<div class=\"elementor-element elementor-element-49309b50 e-con-full e-flex e-con e-child\" data-id=\"49309b50\" data-element_type=\"container\">\n\t\t\t\t<div class=\"elementor-element elementor-element-2ebfeb54 elementor-widget elementor-widget-image\" data-id=\"2ebfeb54\" data-element_type=\"widget\" data-widget_type=\"image.default\">\n\t\t\t\t\t\t\t\t\t\t\t\t\t\t\t<img loading=\"lazy\" decoding=\"async\" width=\"800\" height=\"534\" src=\"https:\/\/gpi-schwarte.com\/wp-content\/uploads\/2026\/02\/Gpi-Pharma_pharmaceutical-tanks-scaled-1-1024x683.jpg\" class=\"attachment-large size-large wp-image-7636\" alt=\"\" srcset=\"https:\/\/gpi-schwarte.com\/wp-content\/uploads\/2026\/02\/Gpi-Pharma_pharmaceutical-tanks-scaled-1-1024x683.jpg 1024w, https:\/\/gpi-schwarte.com\/wp-content\/uploads\/2026\/02\/Gpi-Pharma_pharmaceutical-tanks-scaled-1-300x200.jpg 300w, https:\/\/gpi-schwarte.com\/wp-content\/uploads\/2026\/02\/Gpi-Pharma_pharmaceutical-tanks-scaled-1-768x512.jpg 768w, https:\/\/gpi-schwarte.com\/wp-content\/uploads\/2026\/02\/Gpi-Pharma_pharmaceutical-tanks-scaled-1-1536x1024.jpg 1536w, https:\/\/gpi-schwarte.com\/wp-content\/uploads\/2026\/02\/Gpi-Pharma_pharmaceutical-tanks-scaled-1-2048x1366.jpg 2048w\" sizes=\"(max-width: 800px) 100vw, 800px\" \/>\t\t\t\t\t\t\t\t\t\t\t\t\t\t\t<\/div>\n\t\t\t\t<div class=\"elementor-element elementor-element-6e0edac5 elementor-widget elementor-widget-heading\" data-id=\"6e0edac5\" data-element_type=\"widget\" data-widget_type=\"heading.default\">\n\t\t\t\t\t<h4 class=\"elementor-heading-title elementor-size-default\">Niezawodnie i szybko<\/h4>\t\t\t\t<\/div>\n\t\t\t\t<div class=\"elementor-element elementor-element-3ffd66c9 elementor-widget elementor-widget-text-editor\" data-id=\"3ffd66c9\" data-element_type=\"widget\" data-widget_type=\"text-editor.default\">\n\t\t\t\t\t\t\t\t\t<p>Rozumiemy, \u017ce przestoje generuj\u0105 wysokie koszty. Dlatego zapewniamy szybki serwis oraz sprawdzone, niezawodne rozwi\u0105zania, dzi\u0119ki kt\u00f3rym mo\u017cesz mie\u0107 pewno\u015b\u0107 ci\u0105g\u0142o\u015bci produkcji.<\/p>\t\t\t\t\t\t\t\t<\/div>\n\t\t\t\t<\/div>\n\t\t<div class=\"elementor-element elementor-element-3812a48b e-con-full e-flex e-con e-child\" data-id=\"3812a48b\" data-element_type=\"container\">\n\t\t\t\t<div class=\"elementor-element elementor-element-78c15f4d elementor-widget elementor-widget-image\" data-id=\"78c15f4d\" data-element_type=\"widget\" data-widget_type=\"image.default\">\n\t\t\t\t\t\t\t\t\t\t\t\t\t\t\t<img loading=\"lazy\" decoding=\"async\" width=\"800\" height=\"600\" src=\"https:\/\/gpi-schwarte.com\/wp-content\/uploads\/2026\/02\/img-7696-651079-1-scaled-1-1024x768.jpg\" class=\"attachment-large size-large wp-image-7637\" alt=\"\" srcset=\"https:\/\/gpi-schwarte.com\/wp-content\/uploads\/2026\/02\/img-7696-651079-1-scaled-1-1024x768.jpg 1024w, https:\/\/gpi-schwarte.com\/wp-content\/uploads\/2026\/02\/img-7696-651079-1-scaled-1-300x225.jpg 300w, https:\/\/gpi-schwarte.com\/wp-content\/uploads\/2026\/02\/img-7696-651079-1-scaled-1-768x576.jpg 768w, https:\/\/gpi-schwarte.com\/wp-content\/uploads\/2026\/02\/img-7696-651079-1-scaled-1-1536x1152.jpg 1536w, https:\/\/gpi-schwarte.com\/wp-content\/uploads\/2026\/02\/img-7696-651079-1-scaled-1-2048x1536.jpg 2048w\" sizes=\"(max-width: 800px) 100vw, 800px\" \/>\t\t\t\t\t\t\t\t\t\t\t\t\t\t\t<\/div>\n\t\t\t\t<div class=\"elementor-element elementor-element-5491c9ef elementor-widget elementor-widget-heading\" data-id=\"5491c9ef\" data-element_type=\"widget\" data-widget_type=\"heading.default\">\n\t\t\t\t\t<h4 class=\"elementor-heading-title elementor-size-default\">Indywidualne systemy<\/h4>\t\t\t\t<\/div>\n\t\t\t\t<div class=\"elementor-element elementor-element-2259fd30 elementor-widget elementor-widget-text-editor\" data-id=\"2259fd30\" data-element_type=\"widget\" data-widget_type=\"text-editor.default\">\n\t\t\t\t\t\t\t\t\t<p>Nie ma dw\u00f3ch identycznych instalacji, dlatego oferujemy us\u0142ugi dostosowane do konkretnych wymaga\u0144. Nasze dzia\u0142ania s\u0105 dopasowane do specyfiki danej instalacji, aby zapewni\u0107 najwy\u017cszy poziom obs\u0142ugi, w pe\u0142ni odpowiadaj\u0105cy jej potrzebom.<\/p>\t\t\t\t\t\t\t\t<\/div>\n\t\t\t\t<\/div>\n\t\t\t\t\t<\/div>\n\t\t\t\t<\/div>\n\t\t<div class=\"elementor-element elementor-element-25f05d63 e-flex e-con-boxed e-con e-parent\" data-id=\"25f05d63\" data-element_type=\"container\">\n\t\t\t\t\t<div class=\"e-con-inner\">\n\t\t<div class=\"elementor-element elementor-element-2bd70a52 e-con-full e-flex e-con e-child\" data-id=\"2bd70a52\" data-element_type=\"container\">\n\t\t\t\t<div class=\"elementor-element elementor-element-7634bb44 elementor-widget elementor-widget-overlap-cta\" data-id=\"7634bb44\" data-element_type=\"widget\" data-widget_type=\"overlap-cta.default\">\n\t\t\t\t<div class=\"elementor-widget-container\">\n\t\t\t\t\t<div class=\"overlap-cta center\">\n    <div class=\"overlap-cta-content\">\n                    <h2>Poznaj Gpi serwis - jeste\u015bmy do Twojej dyspozycji<\/h2>\n        \n                    <p>Skontaktuj si\u0119 z nami ju\u017c dzi\u015b i dowiedz si\u0119, w jaki spos\u00f3b Gpi serwis mo\u017ce zwi\u0119kszy\u0107 efektywno\u015b\u0107 oraz niezawodno\u015b\u0107 Twoich proces\u00f3w.<\/p>\n        \n        \t\t\t<div class=\"gpi-button white\">\n\t\t\t\t<a href=\"https:\/\/gpi-schwarte.com\/pl\/kontakt-gpi-schwarte\/\">\n\t\t\t\t\t<span>Pozosta\u0144my w kontakcie<\/span>\n\n\t\t\t\t\t<!-- Icon -->\n\t\t\t\t\t<div class=\"gpi-button-icon\">\n\t\t\t\t\t\t<svg width=\"17\" height=\"16\" viewBox=\"0 0 17 16\" fill=\"none\" xmlns=\"http:\/\/www.w3.org\/2000\/svg\" class=\"inner-arrow\">\n\t\t\t\t\t\t\t<path d=\"M8.60352 0L7.19352 1.41L12.7735 7H0.603516V9H12.7735L7.19352 14.59L8.60352 16L16.6035 8L8.60352 0Z\" fill=\"#00A799\"\/>\n\t\t\t\t\t\t<\/svg>\n\n\t\t\t\t\t\t<svg width=\"52\" height=\"52\" class=\"outer-circle\">\n\t\t\t\t\t\t\t<circle cx=\"26\" cy=\"26\" r=\"24\" stroke=\"#e1e1e1\" stroke-width=\"1\" fill-opacity=\"0\"><\/circle>\n\t\t\t\t\t\t\t<circle class=\"circle\" cx=\"26\" cy=\"26\" r=\"24\" stroke=\"#00a799\" fill=\"#fff\" stroke-width=\"3\"><\/circle>\n\t\t\t\t\t\t<\/svg>\n\t\t\t\t\t<\/div>\n\t\t\t\t<\/a>\n\t\t\t<\/div>\n            <\/div>\n\n    <div class=\"overlap-cta-image\"><\/div>\n<\/div>\t\t\t\t<\/div>\n\t\t\t\t<\/div>\n\t\t\t\t<\/div>\n\t\t\t\t\t<\/div>\n\t\t\t\t<\/div>\n\t\t\t\t<\/div>\n\t\t","protected":false},"excerpt":{"rendered":"<p>Gpi serwis<\/p>\n","protected":false},"author":7,"featured_media":0,"parent":0,"menu_order":0,"comment_status":"closed","ping_status":"closed","template":"","meta":{"_acf_changed":false,"footnotes":""},"class_list":["post-7639","page","type-page","status-publish","hentry"],"acf":[],"_links":{"self":[{"href":"https:\/\/gpi-schwarte.com\/pl\/wp-json\/wp\/v2\/pages\/7639","targetHints":{"allow":["GET"]}}],"collection":[{"href":"https:\/\/gpi-schwarte.com\/pl\/wp-json\/wp\/v2\/pages"}],"about":[{"href":"https:\/\/gpi-schwarte.com\/pl\/wp-json\/wp\/v2\/types\/page"}],"author":[{"embeddable":true,"href":"https:\/\/gpi-schwarte.com\/pl\/wp-json\/wp\/v2\/users\/7"}],"replies":[{"embeddable":true,"href":"https:\/\/gpi-schwarte.com\/pl\/wp-json\/wp\/v2\/comments?post=7639"}],"version-history":[{"count":40,"href":"https:\/\/gpi-schwarte.com\/pl\/wp-json\/wp\/v2\/pages\/7639\/revisions"}],"predecessor-version":[{"id":7765,"href":"https:\/\/gpi-schwarte.com\/pl\/wp-json\/wp\/v2\/pages\/7639\/revisions\/7765"}],"wp:attachment":[{"href":"https:\/\/gpi-schwarte.com\/pl\/wp-json\/wp\/v2\/media?parent=7639"}],"curies":[{"name":"wp","href":"https:\/\/api.w.org\/{rel}","templated":true}]}}